{"id":1418,"date":"2024-11-26T12:45:11","date_gmt":"2024-11-26T11:45:11","guid":{"rendered":"https:\/\/aecagroup.com\/?page_id=1418"},"modified":"2024-11-26T12:45:11","modified_gmt":"2024-11-26T11:45:11","slug":"solutions-2","status":"publish","type":"page","link":"https:\/\/aecagroup.com\/fr\/solutions-2\/","title":{"rendered":"Solutions"},"content":{"rendered":"\t\t<div data-elementor-type=\"wp-page\" data-elementor-id=\"1418\" class=\"elementor elementor-1418 elementor-1415\">\n\t\t\t\t<div class=\"elementor-element elementor-element-1676174e e-con-full e-grid e-con e-parent\" data-id=\"1676174e\" data-element_type=\"container\" data-e-type=\"container\">\n\t\t\t\t<div class=\"elementor-element elementor-element-c53684c elementor-widget elementor-widget-raven-image\" data-id=\"c53684c\" data-element_type=\"widget\" data-e-type=\"widget\" data-widget_type=\"raven-image.default\">\n\t\t\t\t<div class=\"elementor-widget-container\">\n\t\t\t\t\t\t\t<div class=\"raven-image\">\n\t\t\t\t\t<figure class=\"wp-caption\">\n\t\t\n\t\t\t\t\t\t<a href=\"http:\/\/new.aecagroup.com\/soluciones\/energias-renovables\/\" class=\"elementor-clickable\" data-elementor-open-lightbox=\"\">\n\t\t\n\t\t<img fetchpriority=\"high\" decoding=\"async\" width=\"320\" height=\"400\" src=\"https:\/\/aecagroup.com\/wp-content\/uploads\/2024\/10\/IMATGES-FAMILIES-PROVISIONALS-01-1024x724-320x400-1.webp\" class=\"attachment-full size-full wp-image-443\" alt=\"Soluciones - Energ\u00edas renovables\" srcset=\"https:\/\/aecagroup.com\/wp-content\/uploads\/2024\/10\/IMATGES-FAMILIES-PROVISIONALS-01-1024x724-320x400-1.webp 320w, https:\/\/aecagroup.com\/wp-content\/uploads\/2024\/10\/IMATGES-FAMILIES-PROVISIONALS-01-1024x724-320x400-1-240x300.webp 240w\" sizes=\"(max-width: 320px) 100vw, 320px\" \/>\t\t\t<\/a>\n\t\t\t\t\t\t<figcaption class=\"widget-image-caption wp-caption-text\">\u00c9nergies renouvelables<\/figcaption>\n\t\t\t\t\t\t<\/figure>\n\t\t\t\t\t<\/div>\n\t\t\t\t\t\t<\/div>\n\t\t\t\t<\/div>\n\t\t\t\t<div class=\"elementor-element elementor-element-fd5bd92 elementor-widget elementor-widget-raven-image\" data-id=\"fd5bd92\" data-element_type=\"widget\" data-e-type=\"widget\" data-widget_type=\"raven-image.default\">\n\t\t\t\t<div class=\"elementor-widget-container\">\n\t\t\t\t\t\t\t<div class=\"raven-image\">\n\t\t\t\t\t<figure class=\"wp-caption\">\n\t\t\n\t\t\t\t\t\t<a href=\"#\" class=\"elementor-clickable\" data-elementor-open-lightbox=\"\">\n\t\t\n\t\t<img decoding=\"async\" width=\"290\" height=\"290\" src=\"https:\/\/aecagroup.com\/wp-content\/uploads\/2024\/10\/tiles2-290x290-1.webp\" class=\"attachment-full size-full wp-image-439\" alt=\"Soluciones - Mantenimiento de Alta y Baja Tensi\u00f3n\" srcset=\"https:\/\/aecagroup.com\/wp-content\/uploads\/2024\/10\/tiles2-290x290-1.webp 290w, https:\/\/aecagroup.com\/wp-content\/uploads\/2024\/10\/tiles2-290x290-1-150x150.webp 150w\" sizes=\"(max-width: 290px) 100vw, 290px\" \/>\t\t\t<\/a>\n\t\t\t\t\t\t<figcaption class=\"widget-image-caption wp-caption-text\">Maintenance haute et basse tension<\/figcaption>\n\t\t\t\t\t\t<\/figure>\n\t\t\t\t\t<\/div>\n\t\t\t\t\t\t<\/div>\n\t\t\t\t<\/div>\n\t\t\t\t<div class=\"elementor-element elementor-element-cbbcf65 elementor-widget elementor-widget-raven-image\" data-id=\"cbbcf65\" data-element_type=\"widget\" data-e-type=\"widget\" data-widget_type=\"raven-image.default\">\n\t\t\t\t<div class=\"elementor-widget-container\">\n\t\t\t\t\t\t\t<div class=\"raven-image\">\n\t\t\t\t\t<figure class=\"wp-caption\">\n\t\t\n\t\t\t\t\t\t<a href=\"#\" class=\"elementor-clickable\" data-elementor-open-lightbox=\"\">\n\t\t\n\t\t<img decoding=\"async\" width=\"290\" height=\"290\" src=\"https:\/\/aecagroup.com\/wp-content\/uploads\/2024\/10\/SOSTENIBILIDAD-1024x724-1-290x290-1.webp\" class=\"attachment-full size-full wp-image-435\" alt=\"Soluciones - Sostenibilidad\" srcset=\"https:\/\/aecagroup.com\/wp-content\/uploads\/2024\/10\/SOSTENIBILIDAD-1024x724-1-290x290-1.webp 290w, https:\/\/aecagroup.com\/wp-content\/uploads\/2024\/10\/SOSTENIBILIDAD-1024x724-1-290x290-1-150x150.webp 150w\" sizes=\"(max-width: 290px) 100vw, 290px\" \/>\t\t\t<\/a>\n\t\t\t\t\t\t<figcaption class=\"widget-image-caption wp-caption-text\">Durabilit\u00e9<\/figcaption>\n\t\t\t\t\t\t<\/figure>\n\t\t\t\t\t<\/div>\n\t\t\t\t\t\t<\/div>\n\t\t\t\t<\/div>\n\t\t\t\t<div class=\"elementor-element elementor-element-3c7a942 elementor-widget elementor-widget-raven-image\" data-id=\"3c7a942\" data-element_type=\"widget\" data-e-type=\"widget\" data-widget_type=\"raven-image.default\">\n\t\t\t\t<div class=\"elementor-widget-container\">\n\t\t\t\t\t\t\t<div class=\"raven-image\">\n\t\t\t\t\t<figure class=\"wp-caption\">\n\t\t\n\t\t\t\t\t\t<a href=\"#\" class=\"elementor-clickable\" data-elementor-open-lightbox=\"\">\n\t\t\n\t\t<img loading=\"lazy\" decoding=\"async\" width=\"290\" height=\"290\" src=\"https:\/\/aecagroup.com\/wp-content\/uploads\/2024\/10\/RVE-1024x724-1-290x290-1.webp\" class=\"attachment-full size-full wp-image-431\" alt=\"Soluciones - Recarga de Veh\u00edculo El\u00e9ctrico\" srcset=\"https:\/\/aecagroup.com\/wp-content\/uploads\/2024\/10\/RVE-1024x724-1-290x290-1.webp 290w, https:\/\/aecagroup.com\/wp-content\/uploads\/2024\/10\/RVE-1024x724-1-290x290-1-150x150.webp 150w\" sizes=\"(max-width: 290px) 100vw, 290px\" \/>\t\t\t<\/a>\n\t\t\t\t\t\t<figcaption class=\"widget-image-caption wp-caption-text\">Recharge des v\u00e9hicules \u00e9lectriques<\/figcaption>\n\t\t\t\t\t\t<\/figure>\n\t\t\t\t\t<\/div>\n\t\t\t\t\t\t<\/div>\n\t\t\t\t<\/div>\n\t\t\t\t<div class=\"elementor-element elementor-element-ec18218 elementor-widget elementor-widget-raven-image\" data-id=\"ec18218\" data-element_type=\"widget\" data-e-type=\"widget\" data-widget_type=\"raven-image.default\">\n\t\t\t\t<div class=\"elementor-widget-container\">\n\t\t\t\t\t\t\t<div class=\"raven-image\">\n\t\t\t\t\t<figure class=\"wp-caption\">\n\t\t\n\t\t\t\t\t\t<a href=\"#\" class=\"elementor-clickable\" data-elementor-open-lightbox=\"\">\n\t\t\n\t\t<img loading=\"lazy\" decoding=\"async\" width=\"290\" height=\"290\" src=\"https:\/\/aecagroup.com\/wp-content\/uploads\/2024\/10\/INGENIERIA_ENERGETICA-1024x724-1-290x290-1.webp\" class=\"attachment-full size-full wp-image-427\" alt=\"Soluciones - Ingenier\u00eda Energ\u00e9tica\" srcset=\"https:\/\/aecagroup.com\/wp-content\/uploads\/2024\/10\/INGENIERIA_ENERGETICA-1024x724-1-290x290-1.webp 290w, https:\/\/aecagroup.com\/wp-content\/uploads\/2024\/10\/INGENIERIA_ENERGETICA-1024x724-1-290x290-1-150x150.webp 150w\" sizes=\"(max-width: 290px) 100vw, 290px\" \/>\t\t\t<\/a>\n\t\t\t\t\t\t<figcaption class=\"widget-image-caption wp-caption-text\">Ing\u00e9nierie energ\u00e9tique<\/figcaption>\n\t\t\t\t\t\t<\/figure>\n\t\t\t\t\t<\/div>\n\t\t\t\t\t\t<\/div>\n\t\t\t\t<\/div>\n\t\t\t\t<div class=\"elementor-element elementor-element-d1cc56f elementor-widget elementor-widget-raven-image\" data-id=\"d1cc56f\" data-element_type=\"widget\" data-e-type=\"widget\" data-widget_type=\"raven-image.default\">\n\t\t\t\t<div class=\"elementor-widget-container\">\n\t\t\t\t\t\t\t<div class=\"raven-image\">\n\t\t\t\t\t<figure class=\"wp-caption\">\n\t\t\n\t\t\t\t\t\t<a href=\"#\" class=\"elementor-clickable\" data-elementor-open-lightbox=\"\">\n\t\t\n\t\t<img loading=\"lazy\" decoding=\"async\" width=\"290\" height=\"290\" src=\"https:\/\/aecagroup.com\/wp-content\/uploads\/2024\/10\/ASESORAMIENTO_ENERGETICO-1024x724-1-290x290-1.webp\" class=\"attachment-full size-full wp-image-423\" alt=\"Soluciones - Asesoramiento Energ\u00e9tico\" srcset=\"https:\/\/aecagroup.com\/wp-content\/uploads\/2024\/10\/ASESORAMIENTO_ENERGETICO-1024x724-1-290x290-1.webp 290w, https:\/\/aecagroup.com\/wp-content\/uploads\/2024\/10\/ASESORAMIENTO_ENERGETICO-1024x724-1-290x290-1-150x150.webp 150w\" sizes=\"(max-width: 290px) 100vw, 290px\" \/>\t\t\t<\/a>\n\t\t\t\t\t\t<figcaption class=\"widget-image-caption wp-caption-text\">Conseils en mati\u00e8re d'\u00e9nergie<\/figcaption>\n\t\t\t\t\t\t<\/figure>\n\t\t\t\t\t<\/div>\n\t\t\t\t\t\t<\/div>\n\t\t\t\t<\/div>\n\t\t\t\t<\/div>\n\t\t<div class=\"elementor-element elementor-element-71ba4a7 e-grid e-con-boxed e-con e-parent\" data-id=\"71ba4a7\" data-element_type=\"container\" data-e-type=\"container\">\n\t\t\t\t\t<div class=\"e-con-inner\">\n\t\t\t\t<div class=\"elementor-element elementor-element-4078a64 elementor-widget elementor-widget-image\" data-id=\"4078a64\" data-element_type=\"widget\" data-e-type=\"widget\" data-widget_type=\"image.default\">\n\t\t\t\t<div class=\"elementor-widget-container\">\n\t\t\t\t\t\t\t\t\t\t\t\t\t\t\t<img loading=\"lazy\" decoding=\"async\" width=\"2000\" height=\"1000\" src=\"https:\/\/aecagroup.com\/wp-content\/uploads\/2024\/10\/5-RAZONES_blanco.webp\" class=\"attachment-full size-full wp-image-392\" alt=\"5 razones por las que elegir una soluci\u00f3n AECA\" srcset=\"https:\/\/aecagroup.com\/wp-content\/uploads\/2024\/10\/5-RAZONES_blanco.webp 2000w, https:\/\/aecagroup.com\/wp-content\/uploads\/2024\/10\/5-RAZONES_blanco-300x150.webp 300w, https:\/\/aecagroup.com\/wp-content\/uploads\/2024\/10\/5-RAZONES_blanco-1024x512.webp 1024w, https:\/\/aecagroup.com\/wp-content\/uploads\/2024\/10\/5-RAZONES_blanco-768x384.webp 768w, https:\/\/aecagroup.com\/wp-content\/uploads\/2024\/10\/5-RAZONES_blanco-1536x768.webp 1536w\" sizes=\"(max-width: 2000px) 100vw, 2000px\" \/>\t\t\t\t\t\t\t\t\t\t\t\t\t\t\t<\/div>\n\t\t\t\t<\/div>\n\t\t\t\t<div class=\"elementor-element elementor-element-478a07c elementor-widget elementor-widget-text-editor\" data-id=\"478a07c\" data-element_type=\"widget\" data-e-type=\"widget\" data-widget_type=\"text-editor.default\">\n\t\t\t\t<div class=\"elementor-widget-container\">\n\t\t\t\t\t\t\t\t\t<h1>5 RAISONS<\/h1>\n<h1>POURQUOI CHOISIR?<\/h1>\n<h1><strong>solution aeca<\/strong><\/h1>\t\t\t\t\t\t\t\t<\/div>\n\t\t\t\t<\/div>\n\t\t\t\t\t<\/div>\n\t\t\t\t<\/div>\n\t\t<div class=\"elementor-element elementor-element-6fb8cc1 e-flex e-con-boxed e-con e-parent\" data-id=\"6fb8cc1\" data-element_type=\"container\" data-e-type=\"container\">\n\t\t\t\t\t<div class=\"e-con-inner\">\n\t\t\t\t<div class=\"elementor-element elementor-element-8d86f42 elementor-widget elementor-widget-text-editor\" data-id=\"8d86f42\" data-element_type=\"widget\" data-e-type=\"widget\" data-widget_type=\"text-editor.default\">\n\t\t\t\t<div class=\"elementor-widget-container\">\n\t\t\t\t\t\t\t\t\t<p style=\"text-align: left;\"><span style=\"color: #000000;\"><b>Il y a de nombreuses raisons que nous pourrions inclure dans ce billet pour voir quelles sont les raisons qui conduisent une entreprise \u00e0 choisir une solution \u00e9nerg\u00e9tique avec AECA.<\/b><\/span><\/p>\n\t\t\t\t\t\t\t\t<\/div>\n\t\t\t\t<\/div>\n\t\t\t\t<div class=\"elementor-element elementor-element-0e7c828 elementor-widget elementor-widget-text-editor\" data-id=\"0e7c828\" data-element_type=\"widget\" data-e-type=\"widget\" data-widget_type=\"text-editor.default\">\n\t\t\t\t<div class=\"elementor-widget-container\">\n\t\t\t\t\t\t\t\t\t<p><b>1. EFFICACIT\u00c9 :<br \/><\/b><\/p>\n<p>Proposer des solutions adapt\u00e9es aux besoins de chaque client. Nous trouvons votre solution. <\/p>\n<\/p>\n<p><b>2. L&#8217;INNOVATION :<br \/><\/b><\/p>\n<p>Nos solutions sont \u00e0 la pointe de la technologie. Nous proposons les solutions les plus innovantes du secteur et int\u00e9grons de nouveaux services ou technologies adapt\u00e9s \u00e0 vos besoins. <\/p>\n<\/p>\n<p><b>3. LA CONFIANCE :<\/b><\/p>\n<p>Nous travaillons pour nos clients en leur proposant la solution la plus adapt\u00e9e en fonction de crit\u00e8res tels que l&#8217;optimisation des co\u00fbts, la qualit\u00e9 et la comp\u00e9titivit\u00e9.<\/p>\n<\/p>\n<p><b>4. PROXIMIT\u00c9 :<\/b><\/p>\n<p>Nous sommes l\u00e0 o\u00f9 le client a besoin de nous, notre \u00e9quipe professionnelle travaille aux c\u00f4t\u00e9s du client en lui apportant l&#8217;expertise dont il a besoin.<\/p>\n<\/p>\n<p><b>5. RESPONSABILIT\u00c9 :<\/b><\/p>\n<p>Parce que nous avons beaucoup \u00e0 apporter \u00e0 la soci\u00e9t\u00e9, nous travaillons ensemble pour rendre possible un avenir plus durable pour les g\u00e9n\u00e9rations futures.<\/p>\n\t\t\t\t\t\t\t\t<\/div>\n\t\t\t\t<\/div>\n\t\t\t\t\t<\/div>\n\t\t\t\t<\/div>\n\t\t\t\t<\/div>\n\t\t","protected":false},"excerpt":{"rendered":"<p>\u00c9nergies renouvelables Maintenance haute et basse tension Durabilit\u00e9 Recharge des v\u00e9hicules \u00e9lectriques Ing\u00e9nierie energ\u00e9tique Conseils en mati\u00e8re d&#8217;\u00e9nergie 5 RAISONS POURQUOI CHOISIR? solution aeca Il y a de nombreuses raisons que nous pourrions inclure dans ce billet pour voir quelles sont les raisons qui conduisent une entreprise \u00e0 choisir une solution \u00e9nerg\u00e9tique avec AECA. 1. [&hellip;]<\/p>\n","protected":false},"author":1,"featured_media":0,"parent":0,"menu_order":0,"comment_status":"closed","ping_status":"closed","template":"elementor_header_footer","meta":{"_acf_changed":false,"footnotes":""},"class_list":["post-1418","page","type-page","status-publish","hentry"],"acf":[],"yoast_head":"<!-- This site is optimized with the Yoast SEO plugin v27.3 - https:\/\/yoast.com\/product\/yoast-seo-wordpress\/ -->\n<title>Solutions - Aeca Group<\/title>\n<meta name=\"robots\" content=\"index, follow, max-snippet:-1, max-image-preview:large, max-video-preview:-1\" \/>\n<link rel=\"canonical\" href=\"https:\/\/aecagroup.com\/fr\/solutions-2\/\" \/>\n<meta property=\"og:locale\" content=\"fr_FR\" \/>\n<meta property=\"og:type\" content=\"article\" \/>\n<meta property=\"og:title\" content=\"Solutions - Aeca Group\" \/>\n<meta property=\"og:description\" content=\"\u00c9nergies renouvelables Maintenance haute et basse tension Durabilit\u00e9 Recharge des v\u00e9hicules \u00e9lectriques Ing\u00e9nierie energ\u00e9tique Conseils en mati\u00e8re d&#8217;\u00e9nergie 5 RAISONS POURQUOI CHOISIR? solution aeca Il y a de nombreuses raisons que nous pourrions inclure dans ce billet pour voir quelles sont les raisons qui conduisent une entreprise \u00e0 choisir une solution \u00e9nerg\u00e9tique avec AECA. 1. [&hellip;]\" \/>\n<meta property=\"og:url\" content=\"https:\/\/aecagroup.com\/fr\/solutions-2\/\" \/>\n<meta property=\"og:site_name\" content=\"Aeca Group\" \/>\n<meta property=\"og:image\" content=\"https:\/\/aecagroup.com\/wp-content\/uploads\/2024\/10\/IMATGES-FAMILIES-PROVISIONALS-01-1024x724-320x400-1.webp\" \/>\n<meta name=\"twitter:card\" content=\"summary_large_image\" \/>\n<meta name=\"twitter:label1\" content=\"Est. reading time\" \/>\n\t<meta name=\"twitter:data1\" content=\"1 minute\" \/>\n<script type=\"application\/ld+json\" class=\"yoast-schema-graph\">{\"@context\":\"https:\\\/\\\/schema.org\",\"@graph\":[{\"@type\":\"WebPage\",\"@id\":\"https:\\\/\\\/aecagroup.com\\\/fr\\\/solutions-2\\\/\",\"url\":\"https:\\\/\\\/aecagroup.com\\\/fr\\\/solutions-2\\\/\",\"name\":\"Solutions - Aeca Group\",\"isPartOf\":{\"@id\":\"https:\\\/\\\/aecagroup.com\\\/fr\\\/#website\"},\"primaryImageOfPage\":{\"@id\":\"https:\\\/\\\/aecagroup.com\\\/fr\\\/solutions-2\\\/#primaryimage\"},\"image\":{\"@id\":\"https:\\\/\\\/aecagroup.com\\\/fr\\\/solutions-2\\\/#primaryimage\"},\"thumbnailUrl\":\"https:\\\/\\\/aecagroup.com\\\/wp-content\\\/uploads\\\/2024\\\/10\\\/IMATGES-FAMILIES-PROVISIONALS-01-1024x724-320x400-1.webp\",\"datePublished\":\"2024-11-26T11:45:11+00:00\",\"breadcrumb\":{\"@id\":\"https:\\\/\\\/aecagroup.com\\\/fr\\\/solutions-2\\\/#breadcrumb\"},\"inLanguage\":\"fr-FR\",\"potentialAction\":[{\"@type\":\"ReadAction\",\"target\":[\"https:\\\/\\\/aecagroup.com\\\/fr\\\/solutions-2\\\/\"]}]},{\"@type\":\"ImageObject\",\"inLanguage\":\"fr-FR\",\"@id\":\"https:\\\/\\\/aecagroup.com\\\/fr\\\/solutions-2\\\/#primaryimage\",\"url\":\"https:\\\/\\\/aecagroup.com\\\/wp-content\\\/uploads\\\/2024\\\/10\\\/IMATGES-FAMILIES-PROVISIONALS-01-1024x724-320x400-1.webp\",\"contentUrl\":\"https:\\\/\\\/aecagroup.com\\\/wp-content\\\/uploads\\\/2024\\\/10\\\/IMATGES-FAMILIES-PROVISIONALS-01-1024x724-320x400-1.webp\"},{\"@type\":\"BreadcrumbList\",\"@id\":\"https:\\\/\\\/aecagroup.com\\\/fr\\\/solutions-2\\\/#breadcrumb\",\"itemListElement\":[{\"@type\":\"ListItem\",\"position\":1,\"name\":\"Portada\",\"item\":\"https:\\\/\\\/aecagroup.com\\\/fr\\\/\"},{\"@type\":\"ListItem\",\"position\":2,\"name\":\"Solutions\"}]},{\"@type\":\"WebSite\",\"@id\":\"https:\\\/\\\/aecagroup.com\\\/fr\\\/#website\",\"url\":\"https:\\\/\\\/aecagroup.com\\\/fr\\\/\",\"name\":\"Aeca Group\",\"description\":\"Solucions Energ\u00e8tiques\",\"publisher\":{\"@id\":\"https:\\\/\\\/aecagroup.com\\\/fr\\\/#organization\"},\"potentialAction\":[{\"@type\":\"SearchAction\",\"target\":{\"@type\":\"EntryPoint\",\"urlTemplate\":\"https:\\\/\\\/aecagroup.com\\\/fr\\\/?s={search_term_string}\"},\"query-input\":{\"@type\":\"PropertyValueSpecification\",\"valueRequired\":true,\"valueName\":\"search_term_string\"}}],\"inLanguage\":\"fr-FR\"},{\"@type\":\"Organization\",\"@id\":\"https:\\\/\\\/aecagroup.com\\\/fr\\\/#organization\",\"name\":\"Aeca Group\",\"url\":\"https:\\\/\\\/aecagroup.com\\\/fr\\\/\",\"logo\":{\"@type\":\"ImageObject\",\"inLanguage\":\"fr-FR\",\"@id\":\"https:\\\/\\\/aecagroup.com\\\/fr\\\/#\\\/schema\\\/logo\\\/image\\\/\",\"url\":\"https:\\\/\\\/aecagroup.com\\\/wp-content\\\/uploads\\\/2024\\\/09\\\/Logo_AECA_2020_-_catala.webp\",\"contentUrl\":\"https:\\\/\\\/aecagroup.com\\\/wp-content\\\/uploads\\\/2024\\\/09\\\/Logo_AECA_2020_-_catala.webp\",\"width\":1565,\"height\":622,\"caption\":\"Aeca Group\"},\"image\":{\"@id\":\"https:\\\/\\\/aecagroup.com\\\/fr\\\/#\\\/schema\\\/logo\\\/image\\\/\"}}]}<\/script>\n<!-- \/ Yoast SEO plugin. -->","yoast_head_json":{"title":"Solutions - Aeca Group","robots":{"index":"index","follow":"follow","max-snippet":"max-snippet:-1","max-image-preview":"max-image-preview:large","max-video-preview":"max-video-preview:-1"},"canonical":"https:\/\/aecagroup.com\/fr\/solutions-2\/","og_locale":"fr_FR","og_type":"article","og_title":"Solutions - Aeca Group","og_description":"\u00c9nergies renouvelables Maintenance haute et basse tension Durabilit\u00e9 Recharge des v\u00e9hicules \u00e9lectriques Ing\u00e9nierie energ\u00e9tique Conseils en mati\u00e8re d&#8217;\u00e9nergie 5 RAISONS POURQUOI CHOISIR? solution aeca Il y a de nombreuses raisons que nous pourrions inclure dans ce billet pour voir quelles sont les raisons qui conduisent une entreprise \u00e0 choisir une solution \u00e9nerg\u00e9tique avec AECA. 1. [&hellip;]","og_url":"https:\/\/aecagroup.com\/fr\/solutions-2\/","og_site_name":"Aeca Group","og_image":[{"url":"https:\/\/aecagroup.com\/wp-content\/uploads\/2024\/10\/IMATGES-FAMILIES-PROVISIONALS-01-1024x724-320x400-1.webp","type":"","width":"","height":""}],"twitter_card":"summary_large_image","twitter_misc":{"Est. reading time":"1 minute"},"schema":{"@context":"https:\/\/schema.org","@graph":[{"@type":"WebPage","@id":"https:\/\/aecagroup.com\/fr\/solutions-2\/","url":"https:\/\/aecagroup.com\/fr\/solutions-2\/","name":"Solutions - Aeca Group","isPartOf":{"@id":"https:\/\/aecagroup.com\/fr\/#website"},"primaryImageOfPage":{"@id":"https:\/\/aecagroup.com\/fr\/solutions-2\/#primaryimage"},"image":{"@id":"https:\/\/aecagroup.com\/fr\/solutions-2\/#primaryimage"},"thumbnailUrl":"https:\/\/aecagroup.com\/wp-content\/uploads\/2024\/10\/IMATGES-FAMILIES-PROVISIONALS-01-1024x724-320x400-1.webp","datePublished":"2024-11-26T11:45:11+00:00","breadcrumb":{"@id":"https:\/\/aecagroup.com\/fr\/solutions-2\/#breadcrumb"},"inLanguage":"fr-FR","potentialAction":[{"@type":"ReadAction","target":["https:\/\/aecagroup.com\/fr\/solutions-2\/"]}]},{"@type":"ImageObject","inLanguage":"fr-FR","@id":"https:\/\/aecagroup.com\/fr\/solutions-2\/#primaryimage","url":"https:\/\/aecagroup.com\/wp-content\/uploads\/2024\/10\/IMATGES-FAMILIES-PROVISIONALS-01-1024x724-320x400-1.webp","contentUrl":"https:\/\/aecagroup.com\/wp-content\/uploads\/2024\/10\/IMATGES-FAMILIES-PROVISIONALS-01-1024x724-320x400-1.webp"},{"@type":"BreadcrumbList","@id":"https:\/\/aecagroup.com\/fr\/solutions-2\/#breadcrumb","itemListElement":[{"@type":"ListItem","position":1,"name":"Portada","item":"https:\/\/aecagroup.com\/fr\/"},{"@type":"ListItem","position":2,"name":"Solutions"}]},{"@type":"WebSite","@id":"https:\/\/aecagroup.com\/fr\/#website","url":"https:\/\/aecagroup.com\/fr\/","name":"Aeca Group","description":"Solucions Energ\u00e8tiques","publisher":{"@id":"https:\/\/aecagroup.com\/fr\/#organization"},"potentialAction":[{"@type":"SearchAction","target":{"@type":"EntryPoint","urlTemplate":"https:\/\/aecagroup.com\/fr\/?s={search_term_string}"},"query-input":{"@type":"PropertyValueSpecification","valueRequired":true,"valueName":"search_term_string"}}],"inLanguage":"fr-FR"},{"@type":"Organization","@id":"https:\/\/aecagroup.com\/fr\/#organization","name":"Aeca Group","url":"https:\/\/aecagroup.com\/fr\/","logo":{"@type":"ImageObject","inLanguage":"fr-FR","@id":"https:\/\/aecagroup.com\/fr\/#\/schema\/logo\/image\/","url":"https:\/\/aecagroup.com\/wp-content\/uploads\/2024\/09\/Logo_AECA_2020_-_catala.webp","contentUrl":"https:\/\/aecagroup.com\/wp-content\/uploads\/2024\/09\/Logo_AECA_2020_-_catala.webp","width":1565,"height":622,"caption":"Aeca Group"},"image":{"@id":"https:\/\/aecagroup.com\/fr\/#\/schema\/logo\/image\/"}}]}},"_links":{"self":[{"href":"https:\/\/aecagroup.com\/fr\/wp-json\/wp\/v2\/pages\/1418","targetHints":{"allow":["GET"]}}],"collection":[{"href":"https:\/\/aecagroup.com\/fr\/wp-json\/wp\/v2\/pages"}],"about":[{"href":"https:\/\/aecagroup.com\/fr\/wp-json\/wp\/v2\/types\/page"}],"author":[{"embeddable":true,"href":"https:\/\/aecagroup.com\/fr\/wp-json\/wp\/v2\/users\/1"}],"replies":[{"embeddable":true,"href":"https:\/\/aecagroup.com\/fr\/wp-json\/wp\/v2\/comments?post=1418"}],"version-history":[{"count":1,"href":"https:\/\/aecagroup.com\/fr\/wp-json\/wp\/v2\/pages\/1418\/revisions"}],"predecessor-version":[{"id":1421,"href":"https:\/\/aecagroup.com\/fr\/wp-json\/wp\/v2\/pages\/1418\/revisions\/1421"}],"wp:attachment":[{"href":"https:\/\/aecagroup.com\/fr\/wp-json\/wp\/v2\/media?parent=1418"}],"curies":[{"name":"wp","href":"https:\/\/api.w.org\/{rel}","templated":true}]}}