{"id":1077,"date":"2024-11-13T16:44:13","date_gmt":"2024-11-13T15:44:13","guid":{"rendered":"http:\/\/new.aecagroup.com\/?page_id=1077"},"modified":"2024-11-18T21:07:48","modified_gmt":"2024-11-18T20:07:48","slug":"experiences-2","status":"publish","type":"page","link":"https:\/\/aecagroup.com\/fr\/experiences-2\/","title":{"rendered":"Avis juridique, politique de confidentialit\u00e9 et cookies"},"content":{"rendered":"\t\t<div data-elementor-type=\"wp-page\" data-elementor-id=\"1077\" class=\"elementor elementor-1077 elementor-1074\">\n\t\t\t\t<div class=\"elementor-element elementor-element-1676174e e-con-full e-flex e-con e-parent\" data-id=\"1676174e\" data-element_type=\"container\" data-e-type=\"container\" data-settings=\"{&quot;background_background&quot;:&quot;classic&quot;}\">\n\t\t<div class=\"elementor-element elementor-element-3e294abd e-flex e-con-boxed e-con e-child\" data-id=\"3e294abd\" data-element_type=\"container\" data-e-type=\"container\">\n\t\t\t\t\t<div class=\"e-con-inner\">\n\t\t<div class=\"elementor-element elementor-element-548375a8 e-con-full e-flex e-con e-child\" data-id=\"548375a8\" data-element_type=\"container\" data-e-type=\"container\">\n\t\t\t\t<div class=\"elementor-element elementor-element-fe6a388 elementor-widget elementor-widget-spacer\" data-id=\"fe6a388\" data-element_type=\"widget\" data-e-type=\"widget\" data-widget_type=\"spacer.default\">\n\t\t\t\t<div class=\"elementor-widget-container\">\n\t\t\t\t\t\t\t<div class=\"elementor-spacer\">\n\t\t\t<div class=\"elementor-spacer-inner\"><\/div>\n\t\t<\/div>\n\t\t\t\t\t\t<\/div>\n\t\t\t\t<\/div>\n\t\t\t\t<div class=\"elementor-element elementor-element-3416dbb elementor-widget elementor-widget-heading\" data-id=\"3416dbb\" data-element_type=\"widget\" data-e-type=\"widget\" data-widget_type=\"heading.default\">\n\t\t\t\t<div class=\"elementor-widget-container\">\n\t\t\t\t\t<h2 class=\"elementor-heading-title elementor-size-default\"> Avis juridique, politique de confidentialit\u00e9 et cookies<\/h2>\t\t\t\t<\/div>\n\t\t\t\t<\/div>\n\t\t\t\t<div class=\"elementor-element elementor-element-16b0de3 elementor-widget elementor-widget-text-editor\" data-id=\"16b0de3\" data-element_type=\"widget\" data-e-type=\"widget\" data-widget_type=\"text-editor.default\">\n\t\t\t\t<div class=\"elementor-widget-container\">\n\t\t\t\t\t\t\t\t\t<p>Le groupe aeca s&#8217;engage \u00e0 faire preuve de transparence. Si vous avez des questions ou des commentaires sur les conditions d&#8217;utilisation de ce site web, la mani\u00e8re dont nous g\u00e9rons vos donn\u00e9es ou les cookies, n&#8217;h\u00e9sitez pas \u00e0 nous contacter \u00e0 l&#8217;adresse \u00e9lectronique suivante. <\/p>\n\t\t\t\t\t\t\t\t<\/div>\n\t\t\t\t<\/div>\n\t\t\t\t<\/div>\n\t\t<div class=\"elementor-element elementor-element-3ecfd55e e-con-full e-flex e-con e-child\" data-id=\"3ecfd55e\" data-element_type=\"container\" data-e-type=\"container\">\n\t\t\t\t<\/div>\n\t\t\t\t\t<\/div>\n\t\t\t\t<\/div>\n\t\t\t\t<\/div>\n\t\t<div class=\"elementor-element elementor-element-ee6d288 e-flex e-con-boxed e-con e-parent\" data-id=\"ee6d288\" data-element_type=\"container\" data-e-type=\"container\">\n\t\t\t\t\t<div class=\"e-con-inner\">\n\t\t\t\t<div class=\"elementor-element elementor-element-e0fe53a elementor-widget elementor-widget-text-editor\" data-id=\"e0fe53a\" data-element_type=\"widget\" data-e-type=\"widget\" data-widget_type=\"text-editor.default\">\n\t\t\t\t<div class=\"elementor-widget-container\">\n\t\t\t\t\t\t\t\t\t<h2>AVIS JURIDIQUE<\/h2>\n<h4>CLARIFICATION DES TERMES<\/h4>\n<p>En ce qui concerne le contenu de ce document, lorsque nous disons \u00ab nous \u201c, \u201d aeca \u201c, \u201d groupe aeca \u201c, \u201d Datawatt 4.0 \u201c, \u201d aecagroup.com \u201c ou \u201d datawatt40.com \u201c, nous nous r\u00e9f\u00e9rons \u00e0 ASSESSORIA ENERG\u00c8TICA CATALANA S.L., ci-apr\u00e8s d\u00e9nomm\u00e9 \u201d GROUPE AECA \u00bb.<\/p>\n<h4>L&#8217;IDENTIT\u00c9 DE LA PERSONNE RESPONSABLE<\/h4>\n<p>NOM : ASSESSORIA ENERG\u00c8TICA CATALANA S.L<br \/>CIF : B60705522<br \/>ADRESSE : AVDA. BARCELONA, 221, 08222, TERRASSA (BARCELONA)<br \/>ACTIVIT\u00c9 : INGENIERIA T\u00c8CNICA, CONSULTORIA.<br \/>E-MAIL : <a href=\"mailto:info@aecagroup.com\">info@aecagroup.com<\/a> <\/p>\n\t\t\t\t\t\t\t\t<\/div>\n\t\t\t\t<\/div>\n\t\t\t\t<div class=\"elementor-element elementor-element-ec2e6fa elementor-widget-divider--view-line elementor-widget elementor-widget-divider\" data-id=\"ec2e6fa\" data-element_type=\"widget\" data-e-type=\"widget\" data-widget_type=\"divider.default\">\n\t\t\t\t<div class=\"elementor-widget-container\">\n\t\t\t\t\t\t\t<div class=\"elementor-divider\">\n\t\t\t<span class=\"elementor-divider-separator\">\n\t\t\t\t\t\t<\/span>\n\t\t<\/div>\n\t\t\t\t\t\t<\/div>\n\t\t\t\t<\/div>\n\t\t\t\t<div class=\"elementor-element elementor-element-4c74899 elementor-widget elementor-widget-text-editor\" data-id=\"4c74899\" data-element_type=\"widget\" data-e-type=\"widget\" data-widget_type=\"text-editor.default\">\n\t\t\t\t<div class=\"elementor-widget-container\">\n\t\t\t\t\t\t\t\t\t<h2>POLITIQUE DE CONFIDENTIALIT\u00c9<\/h2>\n<div class=\"post-entry\">\n<div>\n<h4>ENREGISTREMENT DES DONN\u00c9ES PERSONNELLES<\/h4>\n<p>En tant qu&#8217;ASSESSORIA ENERG\u00c8TICA CATALANA S.L., nous disposons de 2 bases de donn\u00e9es personnelles relatives aux activit\u00e9s \u00e0 r\u00e9aliser par le GROUPE AECA, situ\u00e9es sur les serveurs de Zoho (<a href=\"https:\/\/www.zoho.com\/es-xl\/privacy.html\">Politique de confidentialit\u00e9<\/a> de Zoho).<\/p>\n<h4>LA L\u00c9GITIMIT\u00c9 DES DONN\u00c9ES<\/h4>\n<p>La base juridique du traitement de vos donn\u00e9es est le consentement.<br \/>Les donn\u00e9es sont r\u00e9gies par le R\u00e8glement g\u00e9n\u00e9ral sur la protection des donn\u00e9es (<a href=\"http:\/\/www.agpd.es\/portalwebAGPD\/canaldocumentacion\/legislacion\/union_europea\/reglamentos\/common\/pdfs\/Reglamento_UE_2016-679_Proteccion_datos_DOUE.pdf\">RGPD<\/a>) 2016\/679 du Parlement europ\u00e9en et du Conseil du 27 avril 2016 relatif \u00e0 la protection des personnes physiques.<\/p>\n<h4>PRINCIPES APPLIQU\u00c9S AUX DONN\u00c9ES PERSONNELLES<\/h4>\n<p>Principe de l\u00e9galit\u00e9, d&#8217;\u00e9quit\u00e9 et de transparence : vous serez inform\u00e9 de l&#8217;utilisation que nous faisons de vos donn\u00e9es, c&#8217;est d&#8217;ailleurs la raison d&#8217;\u00eatre de ce document.<br \/>Principe de minimisation des donn\u00e9es : nous demanderons le moins de donn\u00e9es possible pour effectuer notre travail.<br \/>Principe de limitation de la dur\u00e9e de conservation : Nous conservons vos donn\u00e9es dans nos listes tant que vous ne vous d\u00e9sinscrivez pas.<br \/>Principe d&#8217;int\u00e9grit\u00e9 et de confidentialit\u00e9 : vos donn\u00e9es seront trait\u00e9es de mani\u00e8re \u00e0 assurer une s\u00e9curit\u00e9 ad\u00e9quate des donn\u00e9es personnelles et \u00e0 garantir la confidentialit\u00e9. Vous devez savoir que nous prenons toutes les pr\u00e9cautions n\u00e9cessaires pour emp\u00eacher l&#8217;acc\u00e8s non autoris\u00e9 ou l&#8217;utilisation abusive des donn\u00e9es de nos utilisateurs par des tiers. <\/p>\n<h4>QUAND NOUS COLLECTONS DES DONN\u00c9ES PERSONNELLES SUR CE SITE WEB ET \u00c0 QUELLES FINS ?<\/h4>\n<p>Lorsque vous nous contactez par le biais du formulaire de contact sur les pages web \u00ab aecagroup.com \u00bb ou \u00ab datawatt40.com \u00bb, dans ce cas nous vous demanderons : Nom, t\u00e9l\u00e9phone, email, description de la demande.<br \/>Lorsque vous vous inscrivez \u00e0 notre lettre d&#8217;information, l&#8217;objectif est de recevoir des informations ; dans ce cas, nous vous demandons votre adresse \u00e9lectronique.<br \/>Lorsque nous voulons vous contacter et donc vous introduire dans notre crm, nous introduirons les donn\u00e9es n\u00e9cessaires dans chaque cas particulier.<\/p>\n<h4>AUTRES OBJECTIFS<\/h4>\n<p>Il existe d&#8217;autres donn\u00e9es non identifiantes que les cookies collectent et dont nous expliquons le fonctionnement dans la politique relative aux cookies, et qui nous aident \u00e0 am\u00e9liorer le contenu du site web.<br \/>Gestion des r\u00e9seaux sociaux. Le traitement des donn\u00e9es effectu\u00e9 par les personnes qui deviennent des adeptes sur les r\u00e9seaux sociaux des pages officielles de aecagroup.com, sera r\u00e9gi par cette section. Ainsi que par les conditions d&#8217;utilisation, les politiques de confidentialit\u00e9 et les r\u00e8gles d&#8217;acc\u00e8s propres \u00e0 chaque r\u00e9seau social. Je traiterai vos donn\u00e9es dans le but de g\u00e9rer correctement ma pr\u00e9sence sur le r\u00e9seau social, d&#8217;informer sur les activit\u00e9s, les produits ou les services du GROUPE AECA. Ainsi que pour toute autre finalit\u00e9 autoris\u00e9e par les r\u00e8glements des r\u00e9seaux sociaux. En aucun cas je n&#8217;utiliserai les profils des personnes qui me suivent dans les r\u00e9seaux sociaux pour envoyer de la publicit\u00e9 de mani\u00e8re individuelle.     <\/p>\n<h4>BARTE DE BAJA<\/h4>\n<p>Dans le cas des bulletins d&#8217;information, vous pouvez le faire automatiquement en utilisant le lien situ\u00e9 au bas de tous nos envois ou en envoyant un courriel \u00e0 <a href=\"mailto:info@aecagroup.com\">info@aecagroup.com<\/a>. Cette demande sera trait\u00e9e en priorit\u00e9 afin de d\u00e9sinscrire vos donn\u00e9es le plus rapidement possible.<br \/>Dans le cas de la liste de contacts, vous pouvez vous d\u00e9sinscrire en envoyant une demande dans le m\u00eame courrier \u00e9lectronique que ci-dessus, \u00e0 l&#8217;adresse <a href=\"mailto:info@aecagroup.com\">info@aecagroup.com<\/a>, et nous traiterons \u00e9galement cette demande avec la plus grande urgence.<\/p>\n<h4>VOS DROITS CONCERNANT VOS DONN\u00c9ES<\/h4>\n<p>La l\u00e9gislation en vigueur en mati\u00e8re de protection des donn\u00e9es reconna\u00eet une s\u00e9rie de droits que vous avez sur aecagroup.com en tant qu&#8217;utilisateur ayant fourni ses donn\u00e9es, tels que :<br \/>&#8211; demander l&#8217;acc\u00e8s aux donn\u00e9es personnelles relatives \u00e0 la personne concern\u00e9e<br \/>&#8211; demander leur rectification ou leur suppression<br \/>&#8211; demander la limitation de leur traitement<br \/>&#8211; S&#8217;opposer au traitement<br \/>En raison du type d&#8217;informations que vous fournissez sur ce site web, c&#8217;est le seul droit que vous ne pouvez pas exercer :<br \/>&#8211; Vous ne pouvez pas exercer le droit \u00e0 la portabilit\u00e9 des donn\u00e9es.<\/p>\n<p>Si vous souhaitez exercer l&#8217;un de vos droits, vous pouvez nous envoyer un courriel \u00e0 <a href=\"mailto:info@aecagroup.com\">info@aecagroup.com<\/a> et nous vous r\u00e9pondrons dans les plus brefs d\u00e9lais.<\/p>\n<h4>CAT\u00c9GORIE DE DONN\u00c9ES<\/h4>\n<p>Les donn\u00e9es que nous collectons le sont uniquement \u00e0 des fins d&#8217;identification. Nous ne traitons pas de donn\u00e9es sp\u00e9cialement prot\u00e9g\u00e9es. <\/p>\n<h4>DUR\u00c9E DE VIE DE VOS DONN\u00c9ES<\/h4>\n<p>Le groupe Aeca conserve vos donn\u00e9es dans les listes auxquelles vous vous \u00eates abonn\u00e9 jusqu&#8217;\u00e0 ce que vous nous demandiez de les supprimer ou que vous vous d\u00e9sinscriviez \u00e0 l&#8217;aide du lien figurant dans le pied de page de toutes les lettres d&#8217;information (dans le cas de la lettre d&#8217;information).<br \/>Les donn\u00e9es contenues dans tous nos dossiers seront conserv\u00e9es pendant une p\u00e9riode maximale de 15 ans, \u00e0 compter de la date de collecte, si aucun service suppl\u00e9mentaire n&#8217;est fourni et si vous avez donn\u00e9 votre consentement explicite sur une base l\u00e9gale. De cette mani\u00e8re, nous facilitons les relations commerciales futures avec les destinataires. <\/p>\n<\/div>\n<\/div>\n\t\t\t\t\t\t\t\t<\/div>\n\t\t\t\t<\/div>\n\t\t\t\t<div class=\"elementor-element elementor-element-4607e6c elementor-widget-divider--view-line elementor-widget elementor-widget-divider\" data-id=\"4607e6c\" data-element_type=\"widget\" data-e-type=\"widget\" data-widget_type=\"divider.default\">\n\t\t\t\t<div class=\"elementor-widget-container\">\n\t\t\t\t\t\t\t<div class=\"elementor-divider\">\n\t\t\t<span class=\"elementor-divider-separator\">\n\t\t\t\t\t\t<\/span>\n\t\t<\/div>\n\t\t\t\t\t\t<\/div>\n\t\t\t\t<\/div>\n\t\t\t\t<div class=\"elementor-element elementor-element-10f5e95 elementor-widget elementor-widget-text-editor\" data-id=\"10f5e95\" data-element_type=\"widget\" data-e-type=\"widget\" data-widget_type=\"text-editor.default\">\n\t\t\t\t<div class=\"elementor-widget-container\">\n\t\t\t\t\t\t\t\t\t<h2>Politique en mati\u00e8re de cookies<\/h2>\n<p>Chez aecagroup.com, nous utilisons nos propres cookies et ceux de tiers pour le bon fonctionnement du site et l&#8217;analyse de la navigation en vue de l&#8217;optimisation du site. Si vous continuez \u00e0 naviguer sur le site, nous consid\u00e9rons que vous acceptez notre politique en mati\u00e8re de cookies. <\/p>\n<p>Un <em>cookie<\/em> est un petit fichier texte qui est stock\u00e9 dans votre navigateur lorsque vous visitez presque n&#8217;importe quel site web. Son utilit\u00e9 est de permettre au site web de se souvenir de votre visite lorsque vous revenez naviguer sur cette page. Les <em>cookies<\/em> stockent g\u00e9n\u00e9ralement des informations de nature technique, des pr\u00e9f\u00e9rences personnelles, la personnalisation du contenu, des statistiques d&#8217;utilisation, des liens vers des r\u00e9seaux sociaux, l&#8217;acc\u00e8s \u00e0 des comptes d&#8217;utilisateurs, etc. L&#8217;objectif du <em>cookie<\/em> est d&#8217;adapter le contenu du site web \u00e0 votre profil et \u00e0 vos besoins. Sans <em>cookies<\/em>, les services offerts par chaque page seraient consid\u00e9rablement r\u00e9duits. Si vous souhaitez obtenir plus d&#8217;informations sur ce que sont les <em>cookies<\/em>, ce qu&#8217;ils stockent, comment les supprimer, les d\u00e9sactiver, etc.    <\/p>\n<h2>Cookies utilis\u00e9s sur ce site<\/h2>\n<p>Conform\u00e9ment aux directives de l&#8217;Agence espagnole de protection des donn\u00e9es, nous d\u00e9taillons l&#8217;utilisation des <em>cookies<\/em> sur ce site Web afin de vous informer le plus pr\u00e9cis\u00e9ment possible.<\/p>\n<p>Ce site web utilise les <strong>cookies suivants <\/strong>:<\/p>\n<ul>\n<li>Les cookies de session, pour s&#8217;assurer que les utilisateurs qui \u00e9crivent des commentaires sur le blog sont des \u00eatres humains et non des applications automatis\u00e9es. Cela permet de lutter contre le <em>spam<\/em>. <\/li>\n<\/ul>\n<p>Ce site Web utilise les <strong>cookies de tiers suivants<\/strong> :<\/p>\n<ul>\n<li>Google Analytics : Stocke des <em>cookies<\/em> pour \u00e9tablir des statistiques sur le trafic et le volume de visites sur ce site. En utilisant ce site, vous consentez au traitement de vos donn\u00e9es personnelles par Google. Par cons\u00e9quent, l&#8217;exercice de tout droit \u00e0 cet \u00e9gard doit se faire en communiquant directement avec Google.  <\/li>\n<li>R\u00e9seaux sociaux : chaque r\u00e9seau social utilise ses propres <em>cookies<\/em> pour vous permettre de cliquer sur les boutons \u00ab <em>J&#8217;aime<\/em> \u00bb ou \u00ab <em>Partager<\/em> \u00bb.<\/li>\n<\/ul>\n<h2>D\u00e9sactiver ou supprimer les cookies<\/h2>\n<p>Vous pouvez \u00e0 tout moment exercer votre droit de d\u00e9sactiver ou de supprimer les cookies de ce site web. Ces actions sont effectu\u00e9es diff\u00e9remment selon le navigateur que vous utilisez. <\/p>\n<h2>Notes compl\u00e9mentaires<\/h2>\n<ul>\n<li>Ni ce site web ni ses repr\u00e9sentants l\u00e9gaux ne sont responsables du contenu ou de la v\u00e9racit\u00e9 des politiques de confidentialit\u00e9 des tiers mentionn\u00e9s dans cette politique en mati\u00e8re de <em>cookies<\/em>.<\/li>\n<li>Les navigateurs web sont les outils responsables du stockage des <em>cookies<\/em> et, \u00e0 partir de l\u00e0, vous devez exercer votre droit de les supprimer ou de les d\u00e9sactiver. Ni ce site web ni ses repr\u00e9sentants l\u00e9gaux ne peuvent garantir le traitement correct ou incorrect des <em>cookies<\/em> par les navigateurs susmentionn\u00e9s. <\/li>\n<li>Dans certains cas, il est n\u00e9cessaire d&#8217;installer des <em>cookies<\/em> afin que le navigateur n&#8217;oublie pas votre d\u00e9cision de ne pas les accepter.<\/li>\n<li>Dans le cas des <em>cookies<\/em> Google Analytics, Google <em>les<\/em> stocke sur des serveurs situ\u00e9s aux Etats-Unis et s&#8217;engage \u00e0 ne pas les partager avec des tiers, sauf si cela est n\u00e9cessaire au fonctionnement du syst\u00e8me ou si la loi l&#8217;exige. Selon Google, votre adresse IP n&#8217;est pas conserv\u00e9e. Google Inc. est membre de l&#8217;accord Safe Harbour qui garantit que toutes les donn\u00e9es transf\u00e9r\u00e9es seront trait\u00e9es avec un niveau de protection conforme \u00e0 la r\u00e9glementation europ\u00e9enne. Vous trouverez des informations d\u00e9taill\u00e9es \u00e0 ce sujet sur <a href=\"http:\/\/safeharbor.export.gov\/companyinfo.aspx?id=16626\" target=\"_blank\" rel=\"noopener\">ce lien<\/a>. Si vous souhaitez obtenir des informations sur l&#8217;utilisation des cookies par Google, <a href=\"https:\/\/developers.google.com\/analytics\/devguides\/collection\/analyticsjs\/cookie-usage?hl=es&amp;csw=1\" target=\"_blank\" rel=\"noopener\">veuillez suivre ce lien<\/a>.     <\/li>\n<li>Si vous avez des doutes ou des questions concernant cette politique en mati\u00e8re de <em>cookies<\/em>, n&#8217;h\u00e9sitez pas \u00e0 nous contacter via la section contact.<\/li>\n<\/ul>\n\t\t\t\t\t\t\t\t<\/div>\n\t\t\t\t<\/div>\n\t\t\t\t\t<\/div>\n\t\t\t\t<\/div>\n\t\t\t\t<\/div>\n\t\t","protected":false},"excerpt":{"rendered":"<p>Avis juridique, politique de confidentialit\u00e9 et cookies Le groupe aeca s&#8217;engage \u00e0 faire preuve de transparence. Si vous avez des questions ou des commentaires sur les conditions d&#8217;utilisation de ce site web, la mani\u00e8re dont nous g\u00e9rons vos donn\u00e9es ou les cookies, n&#8217;h\u00e9sitez pas \u00e0 nous contacter \u00e0 l&#8217;adresse \u00e9lectronique suivante. AVIS JURIDIQUE CLARIFICATION DES [&hellip;]<\/p>\n","protected":false},"author":1,"featured_media":0,"parent":0,"menu_order":0,"comment_status":"closed","ping_status":"closed","template":"elementor_header_footer","meta":{"_acf_changed":false,"footnotes":""},"class_list":["post-1077","page","type-page","status-publish","hentry"],"acf":[],"yoast_head":"<!-- This site is optimized with the Yoast SEO plugin v27.4 - https:\/\/yoast.com\/product\/yoast-seo-wordpress\/ -->\n<title>Avis juridique, politique de confidentialit\u00e9 et cookies - Aeca Group<\/title>\n<meta name=\"robots\" content=\"index, follow, max-snippet:-1, max-image-preview:large, max-video-preview:-1\" \/>\n<link rel=\"canonical\" href=\"https:\/\/aecagroup.com\/fr\/experiences-2\/\" \/>\n<meta property=\"og:locale\" content=\"fr_FR\" \/>\n<meta property=\"og:type\" content=\"article\" \/>\n<meta property=\"og:title\" content=\"Avis juridique, politique de confidentialit\u00e9 et cookies - Aeca Group\" \/>\n<meta property=\"og:description\" content=\"Avis juridique, politique de confidentialit\u00e9 et cookies Le groupe aeca s&#8217;engage \u00e0 faire preuve de transparence. Si vous avez des questions ou des commentaires sur les conditions d&#8217;utilisation de ce site web, la mani\u00e8re dont nous g\u00e9rons vos donn\u00e9es ou les cookies, n&#8217;h\u00e9sitez pas \u00e0 nous contacter \u00e0 l&#8217;adresse \u00e9lectronique suivante. AVIS JURIDIQUE CLARIFICATION DES [&hellip;]\" \/>\n<meta property=\"og:url\" content=\"https:\/\/aecagroup.com\/fr\/experiences-2\/\" \/>\n<meta property=\"og:site_name\" content=\"Aeca Group\" \/>\n<meta property=\"article:modified_time\" content=\"2024-11-18T20:07:48+00:00\" \/>\n<meta name=\"twitter:card\" content=\"summary_large_image\" \/>\n<meta name=\"twitter:label1\" content=\"Est. reading time\" \/>\n\t<meta name=\"twitter:data1\" content=\"8 minutes\" \/>\n<script type=\"application\/ld+json\" class=\"yoast-schema-graph\">{\"@context\":\"https:\\\/\\\/schema.org\",\"@graph\":[{\"@type\":\"WebPage\",\"@id\":\"https:\\\/\\\/aecagroup.com\\\/fr\\\/experiences-2\\\/\",\"url\":\"https:\\\/\\\/aecagroup.com\\\/fr\\\/experiences-2\\\/\",\"name\":\"Avis juridique, politique de confidentialit\u00e9 et cookies - Aeca Group\",\"isPartOf\":{\"@id\":\"https:\\\/\\\/aecagroup.com\\\/fr\\\/#website\"},\"datePublished\":\"2024-11-13T15:44:13+00:00\",\"dateModified\":\"2024-11-18T20:07:48+00:00\",\"breadcrumb\":{\"@id\":\"https:\\\/\\\/aecagroup.com\\\/fr\\\/experiences-2\\\/#breadcrumb\"},\"inLanguage\":\"fr-FR\",\"potentialAction\":[{\"@type\":\"ReadAction\",\"target\":[\"https:\\\/\\\/aecagroup.com\\\/fr\\\/experiences-2\\\/\"]}]},{\"@type\":\"BreadcrumbList\",\"@id\":\"https:\\\/\\\/aecagroup.com\\\/fr\\\/experiences-2\\\/#breadcrumb\",\"itemListElement\":[{\"@type\":\"ListItem\",\"position\":1,\"name\":\"Portada\",\"item\":\"https:\\\/\\\/aecagroup.com\\\/fr\\\/\"},{\"@type\":\"ListItem\",\"position\":2,\"name\":\"Avis juridique, politique de confidentialit\u00e9 et cookies\"}]},{\"@type\":\"WebSite\",\"@id\":\"https:\\\/\\\/aecagroup.com\\\/fr\\\/#website\",\"url\":\"https:\\\/\\\/aecagroup.com\\\/fr\\\/\",\"name\":\"Aeca Group\",\"description\":\"Solucions Energ\u00e8tiques\",\"publisher\":{\"@id\":\"https:\\\/\\\/aecagroup.com\\\/fr\\\/#organization\"},\"potentialAction\":[{\"@type\":\"SearchAction\",\"target\":{\"@type\":\"EntryPoint\",\"urlTemplate\":\"https:\\\/\\\/aecagroup.com\\\/fr\\\/?s={search_term_string}\"},\"query-input\":{\"@type\":\"PropertyValueSpecification\",\"valueRequired\":true,\"valueName\":\"search_term_string\"}}],\"inLanguage\":\"fr-FR\"},{\"@type\":\"Organization\",\"@id\":\"https:\\\/\\\/aecagroup.com\\\/fr\\\/#organization\",\"name\":\"Aeca Group\",\"url\":\"https:\\\/\\\/aecagroup.com\\\/fr\\\/\",\"logo\":{\"@type\":\"ImageObject\",\"inLanguage\":\"fr-FR\",\"@id\":\"https:\\\/\\\/aecagroup.com\\\/fr\\\/#\\\/schema\\\/logo\\\/image\\\/\",\"url\":\"https:\\\/\\\/aecagroup.com\\\/wp-content\\\/uploads\\\/2024\\\/09\\\/Logo_AECA_2020_-_catala.webp\",\"contentUrl\":\"https:\\\/\\\/aecagroup.com\\\/wp-content\\\/uploads\\\/2024\\\/09\\\/Logo_AECA_2020_-_catala.webp\",\"width\":1565,\"height\":622,\"caption\":\"Aeca Group\"},\"image\":{\"@id\":\"https:\\\/\\\/aecagroup.com\\\/fr\\\/#\\\/schema\\\/logo\\\/image\\\/\"}}]}<\/script>\n<!-- \/ Yoast SEO plugin. -->","yoast_head_json":{"title":"Avis juridique, politique de confidentialit\u00e9 et cookies - Aeca Group","robots":{"index":"index","follow":"follow","max-snippet":"max-snippet:-1","max-image-preview":"max-image-preview:large","max-video-preview":"max-video-preview:-1"},"canonical":"https:\/\/aecagroup.com\/fr\/experiences-2\/","og_locale":"fr_FR","og_type":"article","og_title":"Avis juridique, politique de confidentialit\u00e9 et cookies - Aeca Group","og_description":"Avis juridique, politique de confidentialit\u00e9 et cookies Le groupe aeca s&#8217;engage \u00e0 faire preuve de transparence. Si vous avez des questions ou des commentaires sur les conditions d&#8217;utilisation de ce site web, la mani\u00e8re dont nous g\u00e9rons vos donn\u00e9es ou les cookies, n&#8217;h\u00e9sitez pas \u00e0 nous contacter \u00e0 l&#8217;adresse \u00e9lectronique suivante. AVIS JURIDIQUE CLARIFICATION DES [&hellip;]","og_url":"https:\/\/aecagroup.com\/fr\/experiences-2\/","og_site_name":"Aeca Group","article_modified_time":"2024-11-18T20:07:48+00:00","twitter_card":"summary_large_image","twitter_misc":{"Est. reading time":"8 minutes"},"schema":{"@context":"https:\/\/schema.org","@graph":[{"@type":"WebPage","@id":"https:\/\/aecagroup.com\/fr\/experiences-2\/","url":"https:\/\/aecagroup.com\/fr\/experiences-2\/","name":"Avis juridique, politique de confidentialit\u00e9 et cookies - Aeca Group","isPartOf":{"@id":"https:\/\/aecagroup.com\/fr\/#website"},"datePublished":"2024-11-13T15:44:13+00:00","dateModified":"2024-11-18T20:07:48+00:00","breadcrumb":{"@id":"https:\/\/aecagroup.com\/fr\/experiences-2\/#breadcrumb"},"inLanguage":"fr-FR","potentialAction":[{"@type":"ReadAction","target":["https:\/\/aecagroup.com\/fr\/experiences-2\/"]}]},{"@type":"BreadcrumbList","@id":"https:\/\/aecagroup.com\/fr\/experiences-2\/#breadcrumb","itemListElement":[{"@type":"ListItem","position":1,"name":"Portada","item":"https:\/\/aecagroup.com\/fr\/"},{"@type":"ListItem","position":2,"name":"Avis juridique, politique de confidentialit\u00e9 et cookies"}]},{"@type":"WebSite","@id":"https:\/\/aecagroup.com\/fr\/#website","url":"https:\/\/aecagroup.com\/fr\/","name":"Aeca Group","description":"Solucions Energ\u00e8tiques","publisher":{"@id":"https:\/\/aecagroup.com\/fr\/#organization"},"potentialAction":[{"@type":"SearchAction","target":{"@type":"EntryPoint","urlTemplate":"https:\/\/aecagroup.com\/fr\/?s={search_term_string}"},"query-input":{"@type":"PropertyValueSpecification","valueRequired":true,"valueName":"search_term_string"}}],"inLanguage":"fr-FR"},{"@type":"Organization","@id":"https:\/\/aecagroup.com\/fr\/#organization","name":"Aeca Group","url":"https:\/\/aecagroup.com\/fr\/","logo":{"@type":"ImageObject","inLanguage":"fr-FR","@id":"https:\/\/aecagroup.com\/fr\/#\/schema\/logo\/image\/","url":"https:\/\/aecagroup.com\/wp-content\/uploads\/2024\/09\/Logo_AECA_2020_-_catala.webp","contentUrl":"https:\/\/aecagroup.com\/wp-content\/uploads\/2024\/09\/Logo_AECA_2020_-_catala.webp","width":1565,"height":622,"caption":"Aeca Group"},"image":{"@id":"https:\/\/aecagroup.com\/fr\/#\/schema\/logo\/image\/"}}]}},"_links":{"self":[{"href":"https:\/\/aecagroup.com\/fr\/wp-json\/wp\/v2\/pages\/1077","targetHints":{"allow":["GET"]}}],"collection":[{"href":"https:\/\/aecagroup.com\/fr\/wp-json\/wp\/v2\/pages"}],"about":[{"href":"https:\/\/aecagroup.com\/fr\/wp-json\/wp\/v2\/types\/page"}],"author":[{"embeddable":true,"href":"https:\/\/aecagroup.com\/fr\/wp-json\/wp\/v2\/users\/1"}],"replies":[{"embeddable":true,"href":"https:\/\/aecagroup.com\/fr\/wp-json\/wp\/v2\/comments?post=1077"}],"version-history":[{"count":3,"href":"https:\/\/aecagroup.com\/fr\/wp-json\/wp\/v2\/pages\/1077\/revisions"}],"predecessor-version":[{"id":1212,"href":"https:\/\/aecagroup.com\/fr\/wp-json\/wp\/v2\/pages\/1077\/revisions\/1212"}],"wp:attachment":[{"href":"https:\/\/aecagroup.com\/fr\/wp-json\/wp\/v2\/media?parent=1077"}],"curies":[{"name":"wp","href":"https:\/\/api.w.org\/{rel}","templated":true}]}}