{"id":1038,"date":"2024-11-13T09:52:46","date_gmt":"2024-11-13T08:52:46","guid":{"rendered":"http:\/\/new.aecagroup.com\/experiences\/exemple-de-durabilite\/"},"modified":"2024-11-13T15:20:50","modified_gmt":"2024-11-13T14:20:50","slug":"exemple-de-durabilite","status":"publish","type":"page","link":"https:\/\/aecagroup.com\/fr\/experiences\/exemple-de-durabilite\/","title":{"rendered":"Exemple de durabilit\u00e9"},"content":{"rendered":"\t\t<div data-elementor-type=\"wp-page\" data-elementor-id=\"1038\" class=\"elementor elementor-1038 elementor-929\">\n\t\t\t\t<div class=\"elementor-element elementor-element-ef57518 e-flex e-con-boxed e-con e-parent\" data-id=\"ef57518\" data-element_type=\"container\" data-e-type=\"container\">\n\t\t\t\t\t<div class=\"e-con-inner\">\n\t\t<div class=\"elementor-element elementor-element-60783cb e-con-full e-flex e-con e-child\" data-id=\"60783cb\" data-element_type=\"container\" data-e-type=\"container\">\n\t\t\t\t<div class=\"elementor-element elementor-element-ec974cd elementor-widget elementor-widget-image\" data-id=\"ec974cd\" data-element_type=\"widget\" data-e-type=\"widget\" data-widget_type=\"image.default\">\n\t\t\t\t<div class=\"elementor-widget-container\">\n\t\t\t\t\t\t\t\t\t\t\t\t\t\t\t<img fetchpriority=\"high\" decoding=\"async\" width=\"1024\" height=\"724\" src=\"https:\/\/aecagroup.com\/wp-content\/uploads\/2024\/11\/SOSTENIBILIDAD-1024x724-1.webp\" class=\"attachment-large size-large wp-image-938\" alt=\"\" srcset=\"https:\/\/aecagroup.com\/wp-content\/uploads\/2024\/11\/SOSTENIBILIDAD-1024x724-1.webp 1024w, https:\/\/aecagroup.com\/wp-content\/uploads\/2024\/11\/SOSTENIBILIDAD-1024x724-1-300x212.webp 300w, https:\/\/aecagroup.com\/wp-content\/uploads\/2024\/11\/SOSTENIBILIDAD-1024x724-1-768x543.webp 768w\" sizes=\"(max-width: 1024px) 100vw, 1024px\" \/>\t\t\t\t\t\t\t\t\t\t\t\t\t\t\t<\/div>\n\t\t\t\t<\/div>\n\t\t\t\t<\/div>\n\t\t<div class=\"elementor-element elementor-element-476be30 e-con-full e-flex e-con e-child\" data-id=\"476be30\" data-element_type=\"container\" data-e-type=\"container\">\n\t\t\t\t<div class=\"elementor-element elementor-element-af49425 elementor-widget elementor-widget-text-editor\" data-id=\"af49425\" data-element_type=\"widget\" data-e-type=\"widget\" data-widget_type=\"text-editor.default\">\n\t\t\t\t<div class=\"elementor-widget-container\">\n\t\t\t\t\t\t\t\t\t<p>Durabilit\u00e9<\/p>\n\t\t\t\t\t\t\t\t<\/div>\n\t\t\t\t<\/div>\n\t\t\t\t<div class=\"elementor-element elementor-element-f3bdd1b elementor-widget elementor-widget-heading\" data-id=\"f3bdd1b\" data-element_type=\"widget\" data-e-type=\"widget\" data-widget_type=\"heading.default\">\n\t\t\t\t<div class=\"elementor-widget-container\">\n\t\t\t\t\t<h1 class=\"elementor-heading-title elementor-size-default\">Exemple de durabilit\u00e9<\/h1>\t\t\t\t<\/div>\n\t\t\t\t<\/div>\n\t\t\t\t<\/div>\n\t\t\t\t\t<\/div>\n\t\t\t\t<\/div>\n\t\t\t\t<\/div>\n\t\t","protected":false},"excerpt":{"rendered":"<p>Durabilit\u00e9 Exemple de durabilit\u00e9<\/p>\n","protected":false},"author":1,"featured_media":0,"parent":1032,"menu_order":0,"comment_status":"closed","ping_status":"closed","template":"","meta":{"_acf_changed":false,"footnotes":""},"class_list":["post-1038","page","type-page","status-publish","hentry"],"acf":[],"yoast_head":"<!-- This site is optimized with the Yoast SEO plugin v27.4 - https:\/\/yoast.com\/product\/yoast-seo-wordpress\/ -->\n<title>Exemple de durabilit\u00e9 - Aeca Group<\/title>\n<meta name=\"robots\" content=\"index, follow, max-snippet:-1, max-image-preview:large, max-video-preview:-1\" \/>\n<link rel=\"canonical\" href=\"https:\/\/aecagroup.com\/fr\/experiences\/exemple-de-durabilite\/\" \/>\n<meta property=\"og:locale\" content=\"fr_FR\" \/>\n<meta property=\"og:type\" content=\"article\" \/>\n<meta property=\"og:title\" content=\"Exemple de durabilit\u00e9 - Aeca Group\" \/>\n<meta property=\"og:description\" content=\"Durabilit\u00e9 Exemple de durabilit\u00e9\" \/>\n<meta property=\"og:url\" content=\"https:\/\/aecagroup.com\/fr\/experiences\/exemple-de-durabilite\/\" \/>\n<meta property=\"og:site_name\" content=\"Aeca Group\" \/>\n<meta property=\"article:modified_time\" content=\"2024-11-13T14:20:50+00:00\" \/>\n<meta property=\"og:image\" content=\"http:\/\/aecagroup.comwp-content\/uploads\/2024\/11\/SOSTENIBILIDAD-1024x724-1.webp\" \/>\n<meta name=\"twitter:card\" content=\"summary_large_image\" \/>\n<script type=\"application\/ld+json\" class=\"yoast-schema-graph\">{\"@context\":\"https:\\\/\\\/schema.org\",\"@graph\":[{\"@type\":\"WebPage\",\"@id\":\"https:\\\/\\\/aecagroup.com\\\/fr\\\/experiences\\\/exemple-de-durabilite\\\/\",\"url\":\"https:\\\/\\\/aecagroup.com\\\/fr\\\/experiences\\\/exemple-de-durabilite\\\/\",\"name\":\"Exemple de durabilit\u00e9 - Aeca Group\",\"isPartOf\":{\"@id\":\"https:\\\/\\\/aecagroup.com\\\/fr\\\/#website\"},\"primaryImageOfPage\":{\"@id\":\"https:\\\/\\\/aecagroup.com\\\/fr\\\/experiences\\\/exemple-de-durabilite\\\/#primaryimage\"},\"image\":{\"@id\":\"https:\\\/\\\/aecagroup.com\\\/fr\\\/experiences\\\/exemple-de-durabilite\\\/#primaryimage\"},\"thumbnailUrl\":\"http:\\\/\\\/aecagroup.comwp-content\\\/uploads\\\/2024\\\/11\\\/SOSTENIBILIDAD-1024x724-1.webp\",\"datePublished\":\"2024-11-13T08:52:46+00:00\",\"dateModified\":\"2024-11-13T14:20:50+00:00\",\"breadcrumb\":{\"@id\":\"https:\\\/\\\/aecagroup.com\\\/fr\\\/experiences\\\/exemple-de-durabilite\\\/#breadcrumb\"},\"inLanguage\":\"fr-FR\",\"potentialAction\":[{\"@type\":\"ReadAction\",\"target\":[\"https:\\\/\\\/aecagroup.com\\\/fr\\\/experiences\\\/exemple-de-durabilite\\\/\"]}]},{\"@type\":\"ImageObject\",\"inLanguage\":\"fr-FR\",\"@id\":\"https:\\\/\\\/aecagroup.com\\\/fr\\\/experiences\\\/exemple-de-durabilite\\\/#primaryimage\",\"url\":\"http:\\\/\\\/aecagroup.comwp-content\\\/uploads\\\/2024\\\/11\\\/SOSTENIBILIDAD-1024x724-1.webp\",\"contentUrl\":\"http:\\\/\\\/aecagroup.comwp-content\\\/uploads\\\/2024\\\/11\\\/SOSTENIBILIDAD-1024x724-1.webp\"},{\"@type\":\"BreadcrumbList\",\"@id\":\"https:\\\/\\\/aecagroup.com\\\/fr\\\/experiences\\\/exemple-de-durabilite\\\/#breadcrumb\",\"itemListElement\":[{\"@type\":\"ListItem\",\"position\":1,\"name\":\"Portada\",\"item\":\"https:\\\/\\\/aecagroup.com\\\/fr\\\/\"},{\"@type\":\"ListItem\",\"position\":2,\"name\":\"Exp\u00e9riences\",\"item\":\"https:\\\/\\\/aecagroup.com\\\/fr\\\/experiencias\\\/\"},{\"@type\":\"ListItem\",\"position\":3,\"name\":\"Exemple de durabilit\u00e9\"}]},{\"@type\":\"WebSite\",\"@id\":\"https:\\\/\\\/aecagroup.com\\\/fr\\\/#website\",\"url\":\"https:\\\/\\\/aecagroup.com\\\/fr\\\/\",\"name\":\"Aeca Group\",\"description\":\"Solucions Energ\u00e8tiques\",\"publisher\":{\"@id\":\"https:\\\/\\\/aecagroup.com\\\/fr\\\/#organization\"},\"potentialAction\":[{\"@type\":\"SearchAction\",\"target\":{\"@type\":\"EntryPoint\",\"urlTemplate\":\"https:\\\/\\\/aecagroup.com\\\/fr\\\/?s={search_term_string}\"},\"query-input\":{\"@type\":\"PropertyValueSpecification\",\"valueRequired\":true,\"valueName\":\"search_term_string\"}}],\"inLanguage\":\"fr-FR\"},{\"@type\":\"Organization\",\"@id\":\"https:\\\/\\\/aecagroup.com\\\/fr\\\/#organization\",\"name\":\"Aeca Group\",\"url\":\"https:\\\/\\\/aecagroup.com\\\/fr\\\/\",\"logo\":{\"@type\":\"ImageObject\",\"inLanguage\":\"fr-FR\",\"@id\":\"https:\\\/\\\/aecagroup.com\\\/fr\\\/#\\\/schema\\\/logo\\\/image\\\/\",\"url\":\"https:\\\/\\\/aecagroup.com\\\/wp-content\\\/uploads\\\/2024\\\/09\\\/Logo_AECA_2020_-_catala.webp\",\"contentUrl\":\"https:\\\/\\\/aecagroup.com\\\/wp-content\\\/uploads\\\/2024\\\/09\\\/Logo_AECA_2020_-_catala.webp\",\"width\":1565,\"height\":622,\"caption\":\"Aeca Group\"},\"image\":{\"@id\":\"https:\\\/\\\/aecagroup.com\\\/fr\\\/#\\\/schema\\\/logo\\\/image\\\/\"}}]}<\/script>\n<!-- \/ Yoast SEO plugin. -->","yoast_head_json":{"title":"Exemple de durabilit\u00e9 - Aeca Group","robots":{"index":"index","follow":"follow","max-snippet":"max-snippet:-1","max-image-preview":"max-image-preview:large","max-video-preview":"max-video-preview:-1"},"canonical":"https:\/\/aecagroup.com\/fr\/experiences\/exemple-de-durabilite\/","og_locale":"fr_FR","og_type":"article","og_title":"Exemple de durabilit\u00e9 - Aeca Group","og_description":"Durabilit\u00e9 Exemple de durabilit\u00e9","og_url":"https:\/\/aecagroup.com\/fr\/experiences\/exemple-de-durabilite\/","og_site_name":"Aeca Group","article_modified_time":"2024-11-13T14:20:50+00:00","og_image":[{"url":"http:\/\/aecagroup.comwp-content\/uploads\/2024\/11\/SOSTENIBILIDAD-1024x724-1.webp","type":"","width":"","height":""}],"twitter_card":"summary_large_image","schema":{"@context":"https:\/\/schema.org","@graph":[{"@type":"WebPage","@id":"https:\/\/aecagroup.com\/fr\/experiences\/exemple-de-durabilite\/","url":"https:\/\/aecagroup.com\/fr\/experiences\/exemple-de-durabilite\/","name":"Exemple de durabilit\u00e9 - Aeca Group","isPartOf":{"@id":"https:\/\/aecagroup.com\/fr\/#website"},"primaryImageOfPage":{"@id":"https:\/\/aecagroup.com\/fr\/experiences\/exemple-de-durabilite\/#primaryimage"},"image":{"@id":"https:\/\/aecagroup.com\/fr\/experiences\/exemple-de-durabilite\/#primaryimage"},"thumbnailUrl":"http:\/\/aecagroup.comwp-content\/uploads\/2024\/11\/SOSTENIBILIDAD-1024x724-1.webp","datePublished":"2024-11-13T08:52:46+00:00","dateModified":"2024-11-13T14:20:50+00:00","breadcrumb":{"@id":"https:\/\/aecagroup.com\/fr\/experiences\/exemple-de-durabilite\/#breadcrumb"},"inLanguage":"fr-FR","potentialAction":[{"@type":"ReadAction","target":["https:\/\/aecagroup.com\/fr\/experiences\/exemple-de-durabilite\/"]}]},{"@type":"ImageObject","inLanguage":"fr-FR","@id":"https:\/\/aecagroup.com\/fr\/experiences\/exemple-de-durabilite\/#primaryimage","url":"http:\/\/aecagroup.comwp-content\/uploads\/2024\/11\/SOSTENIBILIDAD-1024x724-1.webp","contentUrl":"http:\/\/aecagroup.comwp-content\/uploads\/2024\/11\/SOSTENIBILIDAD-1024x724-1.webp"},{"@type":"BreadcrumbList","@id":"https:\/\/aecagroup.com\/fr\/experiences\/exemple-de-durabilite\/#breadcrumb","itemListElement":[{"@type":"ListItem","position":1,"name":"Portada","item":"https:\/\/aecagroup.com\/fr\/"},{"@type":"ListItem","position":2,"name":"Exp\u00e9riences","item":"https:\/\/aecagroup.com\/fr\/experiencias\/"},{"@type":"ListItem","position":3,"name":"Exemple de durabilit\u00e9"}]},{"@type":"WebSite","@id":"https:\/\/aecagroup.com\/fr\/#website","url":"https:\/\/aecagroup.com\/fr\/","name":"Aeca Group","description":"Solucions Energ\u00e8tiques","publisher":{"@id":"https:\/\/aecagroup.com\/fr\/#organization"},"potentialAction":[{"@type":"SearchAction","target":{"@type":"EntryPoint","urlTemplate":"https:\/\/aecagroup.com\/fr\/?s={search_term_string}"},"query-input":{"@type":"PropertyValueSpecification","valueRequired":true,"valueName":"search_term_string"}}],"inLanguage":"fr-FR"},{"@type":"Organization","@id":"https:\/\/aecagroup.com\/fr\/#organization","name":"Aeca Group","url":"https:\/\/aecagroup.com\/fr\/","logo":{"@type":"ImageObject","inLanguage":"fr-FR","@id":"https:\/\/aecagroup.com\/fr\/#\/schema\/logo\/image\/","url":"https:\/\/aecagroup.com\/wp-content\/uploads\/2024\/09\/Logo_AECA_2020_-_catala.webp","contentUrl":"https:\/\/aecagroup.com\/wp-content\/uploads\/2024\/09\/Logo_AECA_2020_-_catala.webp","width":1565,"height":622,"caption":"Aeca Group"},"image":{"@id":"https:\/\/aecagroup.com\/fr\/#\/schema\/logo\/image\/"}}]}},"_links":{"self":[{"href":"https:\/\/aecagroup.com\/fr\/wp-json\/wp\/v2\/pages\/1038","targetHints":{"allow":["GET"]}}],"collection":[{"href":"https:\/\/aecagroup.com\/fr\/wp-json\/wp\/v2\/pages"}],"about":[{"href":"https:\/\/aecagroup.com\/fr\/wp-json\/wp\/v2\/types\/page"}],"author":[{"embeddable":true,"href":"https:\/\/aecagroup.com\/fr\/wp-json\/wp\/v2\/users\/1"}],"replies":[{"embeddable":true,"href":"https:\/\/aecagroup.com\/fr\/wp-json\/wp\/v2\/comments?post=1038"}],"version-history":[{"count":1,"href":"https:\/\/aecagroup.com\/fr\/wp-json\/wp\/v2\/pages\/1038\/revisions"}],"predecessor-version":[{"id":1039,"href":"https:\/\/aecagroup.com\/fr\/wp-json\/wp\/v2\/pages\/1038\/revisions\/1039"}],"up":[{"embeddable":true,"href":"https:\/\/aecagroup.com\/fr\/wp-json\/wp\/v2\/pages\/1032"}],"wp:attachment":[{"href":"https:\/\/aecagroup.com\/fr\/wp-json\/wp\/v2\/media?parent=1038"}],"curies":[{"name":"wp","href":"https:\/\/api.w.org\/{rel}","templated":true}]}}