{"id":1416,"date":"2024-11-26T12:45:11","date_gmt":"2024-11-26T11:45:11","guid":{"rendered":"https:\/\/aecagroup.com\/?page_id=1416"},"modified":"2024-11-26T12:45:11","modified_gmt":"2024-11-26T11:45:11","slug":"solucions-2","status":"publish","type":"page","link":"https:\/\/aecagroup.com\/ca\/solucions-2\/","title":{"rendered":"Solucions"},"content":{"rendered":"\t\t<div data-elementor-type=\"wp-page\" data-elementor-id=\"1416\" class=\"elementor elementor-1416 elementor-1415\">\n\t\t\t\t<div class=\"elementor-element elementor-element-1676174e e-con-full e-grid e-con e-parent\" data-id=\"1676174e\" data-element_type=\"container\" data-e-type=\"container\">\n\t\t\t\t<div class=\"elementor-element elementor-element-c53684c elementor-widget elementor-widget-raven-image\" data-id=\"c53684c\" data-element_type=\"widget\" data-e-type=\"widget\" data-widget_type=\"raven-image.default\">\n\t\t\t\t<div class=\"elementor-widget-container\">\n\t\t\t\t\t\t\t<div class=\"raven-image\">\n\t\t\t\t\t<figure class=\"wp-caption\">\n\t\t\n\t\t\t\t\t\t<a href=\"http:\/\/new.aecagroup.com\/ca\/solucions\/energies-renovables\/\" class=\"elementor-clickable\" data-elementor-open-lightbox=\"\">\n\t\t\n\t\t<img fetchpriority=\"high\" decoding=\"async\" width=\"320\" height=\"400\" src=\"https:\/\/aecagroup.com\/wp-content\/uploads\/2024\/10\/IMATGES-FAMILIES-PROVISIONALS-01-1024x724-320x400-1.webp\" class=\"attachment-full size-full wp-image-441\" alt=\"Soluciones - Energ\u00edas renovables\" srcset=\"https:\/\/aecagroup.com\/wp-content\/uploads\/2024\/10\/IMATGES-FAMILIES-PROVISIONALS-01-1024x724-320x400-1.webp 320w, https:\/\/aecagroup.com\/wp-content\/uploads\/2024\/10\/IMATGES-FAMILIES-PROVISIONALS-01-1024x724-320x400-1-240x300.webp 240w\" sizes=\"(max-width: 320px) 100vw, 320px\" \/>\t\t\t<\/a>\n\t\t\t\t\t\t<figcaption class=\"widget-image-caption wp-caption-text\">Energies Renovables<\/figcaption>\n\t\t\t\t\t\t<\/figure>\n\t\t\t\t\t<\/div>\n\t\t\t\t\t\t<\/div>\n\t\t\t\t<\/div>\n\t\t\t\t<div class=\"elementor-element elementor-element-fd5bd92 elementor-widget elementor-widget-raven-image\" data-id=\"fd5bd92\" data-element_type=\"widget\" data-e-type=\"widget\" data-widget_type=\"raven-image.default\">\n\t\t\t\t<div class=\"elementor-widget-container\">\n\t\t\t\t\t\t\t<div class=\"raven-image\">\n\t\t\t\t\t<figure class=\"wp-caption\">\n\t\t\n\t\t\t\t\t\t<a href=\"#\" class=\"elementor-clickable\" data-elementor-open-lightbox=\"\">\n\t\t\n\t\t<img decoding=\"async\" width=\"290\" height=\"290\" src=\"https:\/\/aecagroup.com\/wp-content\/uploads\/2024\/10\/tiles2-290x290-1.webp\" class=\"attachment-full size-full wp-image-437\" alt=\"Soluciones - Mantenimiento de Alta y Baja Tensi\u00f3n\" srcset=\"https:\/\/aecagroup.com\/wp-content\/uploads\/2024\/10\/tiles2-290x290-1.webp 290w, https:\/\/aecagroup.com\/wp-content\/uploads\/2024\/10\/tiles2-290x290-1-150x150.webp 150w\" sizes=\"(max-width: 290px) 100vw, 290px\" \/>\t\t\t<\/a>\n\t\t\t\t\t\t<figcaption class=\"widget-image-caption wp-caption-text\">Manteniment d'alta i baixa tensi\u00f3<\/figcaption>\n\t\t\t\t\t\t<\/figure>\n\t\t\t\t\t<\/div>\n\t\t\t\t\t\t<\/div>\n\t\t\t\t<\/div>\n\t\t\t\t<div class=\"elementor-element elementor-element-cbbcf65 elementor-widget elementor-widget-raven-image\" data-id=\"cbbcf65\" data-element_type=\"widget\" data-e-type=\"widget\" data-widget_type=\"raven-image.default\">\n\t\t\t\t<div class=\"elementor-widget-container\">\n\t\t\t\t\t\t\t<div class=\"raven-image\">\n\t\t\t\t\t<figure class=\"wp-caption\">\n\t\t\n\t\t\t\t\t\t<a href=\"#\" class=\"elementor-clickable\" data-elementor-open-lightbox=\"\">\n\t\t\n\t\t<img decoding=\"async\" width=\"290\" height=\"290\" src=\"https:\/\/aecagroup.com\/wp-content\/uploads\/2024\/10\/SOSTENIBILIDAD-1024x724-1-290x290-1.webp\" class=\"attachment-full size-full wp-image-433\" alt=\"Soluciones - Sostenibilidad\" srcset=\"https:\/\/aecagroup.com\/wp-content\/uploads\/2024\/10\/SOSTENIBILIDAD-1024x724-1-290x290-1.webp 290w, https:\/\/aecagroup.com\/wp-content\/uploads\/2024\/10\/SOSTENIBILIDAD-1024x724-1-290x290-1-150x150.webp 150w\" sizes=\"(max-width: 290px) 100vw, 290px\" \/>\t\t\t<\/a>\n\t\t\t\t\t\t<figcaption class=\"widget-image-caption wp-caption-text\">Sostenibilitat<\/figcaption>\n\t\t\t\t\t\t<\/figure>\n\t\t\t\t\t<\/div>\n\t\t\t\t\t\t<\/div>\n\t\t\t\t<\/div>\n\t\t\t\t<div class=\"elementor-element elementor-element-3c7a942 elementor-widget elementor-widget-raven-image\" data-id=\"3c7a942\" data-element_type=\"widget\" data-e-type=\"widget\" data-widget_type=\"raven-image.default\">\n\t\t\t\t<div class=\"elementor-widget-container\">\n\t\t\t\t\t\t\t<div class=\"raven-image\">\n\t\t\t\t\t<figure class=\"wp-caption\">\n\t\t\n\t\t\t\t\t\t<a href=\"#\" class=\"elementor-clickable\" data-elementor-open-lightbox=\"\">\n\t\t\n\t\t<img loading=\"lazy\" decoding=\"async\" width=\"290\" height=\"290\" src=\"https:\/\/aecagroup.com\/wp-content\/uploads\/2024\/10\/RVE-1024x724-1-290x290-1.webp\" class=\"attachment-full size-full wp-image-429\" alt=\"Soluciones - Recarga de Veh\u00edculo El\u00e9ctrico\" srcset=\"https:\/\/aecagroup.com\/wp-content\/uploads\/2024\/10\/RVE-1024x724-1-290x290-1.webp 290w, https:\/\/aecagroup.com\/wp-content\/uploads\/2024\/10\/RVE-1024x724-1-290x290-1-150x150.webp 150w\" sizes=\"(max-width: 290px) 100vw, 290px\" \/>\t\t\t<\/a>\n\t\t\t\t\t\t<figcaption class=\"widget-image-caption wp-caption-text\">Rec\u00e0rrega de Vehicle El\u00e8ctric<\/figcaption>\n\t\t\t\t\t\t<\/figure>\n\t\t\t\t\t<\/div>\n\t\t\t\t\t\t<\/div>\n\t\t\t\t<\/div>\n\t\t\t\t<div class=\"elementor-element elementor-element-ec18218 elementor-widget elementor-widget-raven-image\" data-id=\"ec18218\" data-element_type=\"widget\" data-e-type=\"widget\" data-widget_type=\"raven-image.default\">\n\t\t\t\t<div class=\"elementor-widget-container\">\n\t\t\t\t\t\t\t<div class=\"raven-image\">\n\t\t\t\t\t<figure class=\"wp-caption\">\n\t\t\n\t\t\t\t\t\t<a href=\"#\" class=\"elementor-clickable\" data-elementor-open-lightbox=\"\">\n\t\t\n\t\t<img loading=\"lazy\" decoding=\"async\" width=\"290\" height=\"290\" src=\"https:\/\/aecagroup.com\/wp-content\/uploads\/2024\/10\/INGENIERIA_ENERGETICA-1024x724-1-290x290-1.webp\" class=\"attachment-full size-full wp-image-425\" alt=\"Soluciones - Ingenier\u00eda Energ\u00e9tica\" srcset=\"https:\/\/aecagroup.com\/wp-content\/uploads\/2024\/10\/INGENIERIA_ENERGETICA-1024x724-1-290x290-1.webp 290w, https:\/\/aecagroup.com\/wp-content\/uploads\/2024\/10\/INGENIERIA_ENERGETICA-1024x724-1-290x290-1-150x150.webp 150w\" sizes=\"(max-width: 290px) 100vw, 290px\" \/>\t\t\t<\/a>\n\t\t\t\t\t\t<figcaption class=\"widget-image-caption wp-caption-text\">Enginyeria Energ\u00e8tica<\/figcaption>\n\t\t\t\t\t\t<\/figure>\n\t\t\t\t\t<\/div>\n\t\t\t\t\t\t<\/div>\n\t\t\t\t<\/div>\n\t\t\t\t<div class=\"elementor-element elementor-element-d1cc56f elementor-widget elementor-widget-raven-image\" data-id=\"d1cc56f\" data-element_type=\"widget\" data-e-type=\"widget\" data-widget_type=\"raven-image.default\">\n\t\t\t\t<div class=\"elementor-widget-container\">\n\t\t\t\t\t\t\t<div class=\"raven-image\">\n\t\t\t\t\t<figure class=\"wp-caption\">\n\t\t\n\t\t\t\t\t\t<a href=\"#\" class=\"elementor-clickable\" data-elementor-open-lightbox=\"\">\n\t\t\n\t\t<img loading=\"lazy\" decoding=\"async\" width=\"290\" height=\"290\" src=\"https:\/\/aecagroup.com\/wp-content\/uploads\/2024\/10\/ASESORAMIENTO_ENERGETICO-1024x724-1-290x290-1.webp\" class=\"attachment-full size-full wp-image-421\" alt=\"Soluciones - Asesoramiento Energ\u00e9tico\" srcset=\"https:\/\/aecagroup.com\/wp-content\/uploads\/2024\/10\/ASESORAMIENTO_ENERGETICO-1024x724-1-290x290-1.webp 290w, https:\/\/aecagroup.com\/wp-content\/uploads\/2024\/10\/ASESORAMIENTO_ENERGETICO-1024x724-1-290x290-1-150x150.webp 150w\" sizes=\"(max-width: 290px) 100vw, 290px\" \/>\t\t\t<\/a>\n\t\t\t\t\t\t<figcaption class=\"widget-image-caption wp-caption-text\">Assessorament Energ\u00e8tic<\/figcaption>\n\t\t\t\t\t\t<\/figure>\n\t\t\t\t\t<\/div>\n\t\t\t\t\t\t<\/div>\n\t\t\t\t<\/div>\n\t\t\t\t<\/div>\n\t\t<div class=\"elementor-element elementor-element-71ba4a7 e-grid e-con-boxed e-con e-parent\" data-id=\"71ba4a7\" data-element_type=\"container\" data-e-type=\"container\">\n\t\t\t\t\t<div class=\"e-con-inner\">\n\t\t\t\t<div class=\"elementor-element elementor-element-4078a64 elementor-widget elementor-widget-image\" data-id=\"4078a64\" data-element_type=\"widget\" data-e-type=\"widget\" data-widget_type=\"image.default\">\n\t\t\t\t<div class=\"elementor-widget-container\">\n\t\t\t\t\t\t\t\t\t\t\t\t\t\t\t<img loading=\"lazy\" decoding=\"async\" width=\"2000\" height=\"1000\" src=\"https:\/\/aecagroup.com\/wp-content\/uploads\/2024\/10\/5-RAZONES_blanco.webp\" class=\"attachment-full size-full wp-image-390\" alt=\"5 razones por las que elegir una soluci\u00f3n AECA\" srcset=\"https:\/\/aecagroup.com\/wp-content\/uploads\/2024\/10\/5-RAZONES_blanco.webp 2000w, https:\/\/aecagroup.com\/wp-content\/uploads\/2024\/10\/5-RAZONES_blanco-300x150.webp 300w, https:\/\/aecagroup.com\/wp-content\/uploads\/2024\/10\/5-RAZONES_blanco-1024x512.webp 1024w, https:\/\/aecagroup.com\/wp-content\/uploads\/2024\/10\/5-RAZONES_blanco-768x384.webp 768w, https:\/\/aecagroup.com\/wp-content\/uploads\/2024\/10\/5-RAZONES_blanco-1536x768.webp 1536w\" sizes=\"(max-width: 2000px) 100vw, 2000px\" \/>\t\t\t\t\t\t\t\t\t\t\t\t\t\t\t<\/div>\n\t\t\t\t<\/div>\n\t\t\t\t<div class=\"elementor-element elementor-element-478a07c elementor-widget elementor-widget-text-editor\" data-id=\"478a07c\" data-element_type=\"widget\" data-e-type=\"widget\" data-widget_type=\"text-editor.default\">\n\t\t\t\t<div class=\"elementor-widget-container\">\n\t\t\t\t\t\t\t\t\t<h1>5 RAONS<\/h1>\n<h1>PER LES QUALS ESCOLLIR UNA<\/h1>\n<h1><strong>soluci\u00f3 aeca<\/strong><\/h1>\t\t\t\t\t\t\t\t<\/div>\n\t\t\t\t<\/div>\n\t\t\t\t\t<\/div>\n\t\t\t\t<\/div>\n\t\t<div class=\"elementor-element elementor-element-6fb8cc1 e-flex e-con-boxed e-con e-parent\" data-id=\"6fb8cc1\" data-element_type=\"container\" data-e-type=\"container\">\n\t\t\t\t\t<div class=\"e-con-inner\">\n\t\t\t\t<div class=\"elementor-element elementor-element-8d86f42 elementor-widget elementor-widget-text-editor\" data-id=\"8d86f42\" data-element_type=\"widget\" data-e-type=\"widget\" data-widget_type=\"text-editor.default\">\n\t\t\t\t<div class=\"elementor-widget-container\">\n\t\t\t\t\t\t\t\t\t<p style=\"text-align: left;\"><span style=\"color: #000000;\"><b>S\u00f3n m\u00faltiples les raons que podr\u00edem incloure en aquest post per veure quines s\u00f3n les raons que porten una empresa a triar una soluci\u00f3 energ\u00e8tica amb AECA.<\/b><\/span><\/p>\n\t\t\t\t\t\t\t\t<\/div>\n\t\t\t\t<\/div>\n\t\t\t\t<div class=\"elementor-element elementor-element-0e7c828 elementor-widget elementor-widget-text-editor\" data-id=\"0e7c828\" data-element_type=\"widget\" data-e-type=\"widget\" data-widget_type=\"text-editor.default\">\n\t\t\t\t<div class=\"elementor-widget-container\">\n\t\t\t\t\t\t\t\t\t<p><b>1. EFICI\u00c8NCIA:<br \/><\/b><\/p>\n<p>Proposant solucions que encaixin amb les necessitats de cada client. En trobem la soluci\u00f3. <\/p>\n<\/p>\n<p><b>2. INNOVACI\u00d3:<br \/><\/b><\/p>\n<p>Les nostres solucions s\u00f3n a l&#8217;avantguarda de la tecnologia disponible. Oferim les solucions m\u00e9s noves del sector i incorporem nous serveis o tecnologies adaptades a les seves necessitats. <\/p>\n<\/p>\n<p><b>3. CONFIAN\u00c7A:<\/b><\/p>\n<p>Treballem per als nostres clients oferint la soluci\u00f3 m\u00e9s id\u00f2nia seguint criteris com optimitzaci\u00f3 de costos, qualitat i competitivitat.<\/p>\n<\/p>\n<p><b>4. PROXIMITAT:<\/b><\/p>\n<p>Estem on el client ens necessita, el nostre equip professional treballa colze a colze amb el client aportant l&#8217;experi\u00e8ncia que necessita.<\/p>\n<\/p>\n<p><b>5. RESPONSABILITAT:<\/b><\/p>\n<p>Perqu\u00e8 tenim molt per aportar a la societat, treballem junts per fer possible un futur m\u00e9s sostenible per a les futures generacions.<\/p>\n\t\t\t\t\t\t\t\t<\/div>\n\t\t\t\t<\/div>\n\t\t\t\t\t<\/div>\n\t\t\t\t<\/div>\n\t\t\t\t<\/div>\n\t\t","protected":false},"excerpt":{"rendered":"<p>Energies Renovables Manteniment d&#8217;alta i baixa tensi\u00f3 Sostenibilitat Rec\u00e0rrega de Vehicle El\u00e8ctric Enginyeria Energ\u00e8tica Assessorament Energ\u00e8tic 5 RAONS PER LES QUALS ESCOLLIR UNA soluci\u00f3 aeca S\u00f3n m\u00faltiples les raons que podr\u00edem incloure en aquest post per veure quines s\u00f3n les raons que porten una empresa a triar una soluci\u00f3 energ\u00e8tica amb AECA. 1. EFICI\u00c8NCIA: Proposant [&hellip;]<\/p>\n","protected":false},"author":1,"featured_media":0,"parent":0,"menu_order":0,"comment_status":"closed","ping_status":"closed","template":"elementor_header_footer","meta":{"_acf_changed":false,"footnotes":""},"class_list":["post-1416","page","type-page","status-publish","hentry"],"acf":[],"yoast_head":"<!-- This site is optimized with the Yoast SEO plugin v27.3 - https:\/\/yoast.com\/product\/yoast-seo-wordpress\/ -->\n<title>Solucions - Aeca Group<\/title>\n<meta name=\"robots\" content=\"index, follow, max-snippet:-1, max-image-preview:large, max-video-preview:-1\" \/>\n<link rel=\"canonical\" href=\"https:\/\/aecagroup.com\/ca\/solucions-2\/\" \/>\n<meta property=\"og:locale\" content=\"ca_ES\" \/>\n<meta property=\"og:type\" content=\"article\" \/>\n<meta property=\"og:title\" content=\"Solucions - Aeca Group\" \/>\n<meta property=\"og:description\" content=\"Energies Renovables Manteniment d&#8217;alta i baixa tensi\u00f3 Sostenibilitat Rec\u00e0rrega de Vehicle El\u00e8ctric Enginyeria Energ\u00e8tica Assessorament Energ\u00e8tic 5 RAONS PER LES QUALS ESCOLLIR UNA soluci\u00f3 aeca S\u00f3n m\u00faltiples les raons que podr\u00edem incloure en aquest post per veure quines s\u00f3n les raons que porten una empresa a triar una soluci\u00f3 energ\u00e8tica amb AECA. 1. EFICI\u00c8NCIA: Proposant [&hellip;]\" \/>\n<meta property=\"og:url\" content=\"https:\/\/aecagroup.com\/ca\/solucions-2\/\" \/>\n<meta property=\"og:site_name\" content=\"Aeca Group\" \/>\n<meta property=\"og:image\" content=\"https:\/\/aecagroup.com\/wp-content\/uploads\/2024\/10\/IMATGES-FAMILIES-PROVISIONALS-01-1024x724-320x400-1.webp\" \/>\n<meta name=\"twitter:card\" content=\"summary_large_image\" \/>\n<meta name=\"twitter:label1\" content=\"Est. reading time\" \/>\n\t<meta name=\"twitter:data1\" content=\"1 minute\" \/>\n<script type=\"application\/ld+json\" class=\"yoast-schema-graph\">{\"@context\":\"https:\\\/\\\/schema.org\",\"@graph\":[{\"@type\":\"WebPage\",\"@id\":\"https:\\\/\\\/aecagroup.com\\\/ca\\\/solucions-2\\\/\",\"url\":\"https:\\\/\\\/aecagroup.com\\\/ca\\\/solucions-2\\\/\",\"name\":\"Solucions - Aeca Group\",\"isPartOf\":{\"@id\":\"https:\\\/\\\/aecagroup.com\\\/ca\\\/#website\"},\"primaryImageOfPage\":{\"@id\":\"https:\\\/\\\/aecagroup.com\\\/ca\\\/solucions-2\\\/#primaryimage\"},\"image\":{\"@id\":\"https:\\\/\\\/aecagroup.com\\\/ca\\\/solucions-2\\\/#primaryimage\"},\"thumbnailUrl\":\"https:\\\/\\\/aecagroup.com\\\/wp-content\\\/uploads\\\/2024\\\/10\\\/IMATGES-FAMILIES-PROVISIONALS-01-1024x724-320x400-1.webp\",\"datePublished\":\"2024-11-26T11:45:11+00:00\",\"breadcrumb\":{\"@id\":\"https:\\\/\\\/aecagroup.com\\\/ca\\\/solucions-2\\\/#breadcrumb\"},\"inLanguage\":\"ca\",\"potentialAction\":[{\"@type\":\"ReadAction\",\"target\":[\"https:\\\/\\\/aecagroup.com\\\/ca\\\/solucions-2\\\/\"]}]},{\"@type\":\"ImageObject\",\"inLanguage\":\"ca\",\"@id\":\"https:\\\/\\\/aecagroup.com\\\/ca\\\/solucions-2\\\/#primaryimage\",\"url\":\"https:\\\/\\\/aecagroup.com\\\/wp-content\\\/uploads\\\/2024\\\/10\\\/IMATGES-FAMILIES-PROVISIONALS-01-1024x724-320x400-1.webp\",\"contentUrl\":\"https:\\\/\\\/aecagroup.com\\\/wp-content\\\/uploads\\\/2024\\\/10\\\/IMATGES-FAMILIES-PROVISIONALS-01-1024x724-320x400-1.webp\"},{\"@type\":\"BreadcrumbList\",\"@id\":\"https:\\\/\\\/aecagroup.com\\\/ca\\\/solucions-2\\\/#breadcrumb\",\"itemListElement\":[{\"@type\":\"ListItem\",\"position\":1,\"name\":\"Portada\",\"item\":\"https:\\\/\\\/aecagroup.com\\\/ca\\\/\"},{\"@type\":\"ListItem\",\"position\":2,\"name\":\"Solucions\"}]},{\"@type\":\"WebSite\",\"@id\":\"https:\\\/\\\/aecagroup.com\\\/ca\\\/#website\",\"url\":\"https:\\\/\\\/aecagroup.com\\\/ca\\\/\",\"name\":\"Aeca Group\",\"description\":\"Solucions Energ\u00e8tiques\",\"publisher\":{\"@id\":\"https:\\\/\\\/aecagroup.com\\\/ca\\\/#organization\"},\"potentialAction\":[{\"@type\":\"SearchAction\",\"target\":{\"@type\":\"EntryPoint\",\"urlTemplate\":\"https:\\\/\\\/aecagroup.com\\\/ca\\\/?s={search_term_string}\"},\"query-input\":{\"@type\":\"PropertyValueSpecification\",\"valueRequired\":true,\"valueName\":\"search_term_string\"}}],\"inLanguage\":\"ca\"},{\"@type\":\"Organization\",\"@id\":\"https:\\\/\\\/aecagroup.com\\\/ca\\\/#organization\",\"name\":\"Aeca Group\",\"url\":\"https:\\\/\\\/aecagroup.com\\\/ca\\\/\",\"logo\":{\"@type\":\"ImageObject\",\"inLanguage\":\"ca\",\"@id\":\"https:\\\/\\\/aecagroup.com\\\/ca\\\/#\\\/schema\\\/logo\\\/image\\\/\",\"url\":\"https:\\\/\\\/aecagroup.com\\\/wp-content\\\/uploads\\\/2024\\\/09\\\/Logo_AECA_2020_-_catala.webp\",\"contentUrl\":\"https:\\\/\\\/aecagroup.com\\\/wp-content\\\/uploads\\\/2024\\\/09\\\/Logo_AECA_2020_-_catala.webp\",\"width\":1565,\"height\":622,\"caption\":\"Aeca Group\"},\"image\":{\"@id\":\"https:\\\/\\\/aecagroup.com\\\/ca\\\/#\\\/schema\\\/logo\\\/image\\\/\"}}]}<\/script>\n<!-- \/ Yoast SEO plugin. -->","yoast_head_json":{"title":"Solucions - Aeca Group","robots":{"index":"index","follow":"follow","max-snippet":"max-snippet:-1","max-image-preview":"max-image-preview:large","max-video-preview":"max-video-preview:-1"},"canonical":"https:\/\/aecagroup.com\/ca\/solucions-2\/","og_locale":"ca_ES","og_type":"article","og_title":"Solucions - Aeca Group","og_description":"Energies Renovables Manteniment d&#8217;alta i baixa tensi\u00f3 Sostenibilitat Rec\u00e0rrega de Vehicle El\u00e8ctric Enginyeria Energ\u00e8tica Assessorament Energ\u00e8tic 5 RAONS PER LES QUALS ESCOLLIR UNA soluci\u00f3 aeca S\u00f3n m\u00faltiples les raons que podr\u00edem incloure en aquest post per veure quines s\u00f3n les raons que porten una empresa a triar una soluci\u00f3 energ\u00e8tica amb AECA. 1. EFICI\u00c8NCIA: Proposant [&hellip;]","og_url":"https:\/\/aecagroup.com\/ca\/solucions-2\/","og_site_name":"Aeca Group","og_image":[{"url":"https:\/\/aecagroup.com\/wp-content\/uploads\/2024\/10\/IMATGES-FAMILIES-PROVISIONALS-01-1024x724-320x400-1.webp","type":"","width":"","height":""}],"twitter_card":"summary_large_image","twitter_misc":{"Est. reading time":"1 minute"},"schema":{"@context":"https:\/\/schema.org","@graph":[{"@type":"WebPage","@id":"https:\/\/aecagroup.com\/ca\/solucions-2\/","url":"https:\/\/aecagroup.com\/ca\/solucions-2\/","name":"Solucions - Aeca Group","isPartOf":{"@id":"https:\/\/aecagroup.com\/ca\/#website"},"primaryImageOfPage":{"@id":"https:\/\/aecagroup.com\/ca\/solucions-2\/#primaryimage"},"image":{"@id":"https:\/\/aecagroup.com\/ca\/solucions-2\/#primaryimage"},"thumbnailUrl":"https:\/\/aecagroup.com\/wp-content\/uploads\/2024\/10\/IMATGES-FAMILIES-PROVISIONALS-01-1024x724-320x400-1.webp","datePublished":"2024-11-26T11:45:11+00:00","breadcrumb":{"@id":"https:\/\/aecagroup.com\/ca\/solucions-2\/#breadcrumb"},"inLanguage":"ca","potentialAction":[{"@type":"ReadAction","target":["https:\/\/aecagroup.com\/ca\/solucions-2\/"]}]},{"@type":"ImageObject","inLanguage":"ca","@id":"https:\/\/aecagroup.com\/ca\/solucions-2\/#primaryimage","url":"https:\/\/aecagroup.com\/wp-content\/uploads\/2024\/10\/IMATGES-FAMILIES-PROVISIONALS-01-1024x724-320x400-1.webp","contentUrl":"https:\/\/aecagroup.com\/wp-content\/uploads\/2024\/10\/IMATGES-FAMILIES-PROVISIONALS-01-1024x724-320x400-1.webp"},{"@type":"BreadcrumbList","@id":"https:\/\/aecagroup.com\/ca\/solucions-2\/#breadcrumb","itemListElement":[{"@type":"ListItem","position":1,"name":"Portada","item":"https:\/\/aecagroup.com\/ca\/"},{"@type":"ListItem","position":2,"name":"Solucions"}]},{"@type":"WebSite","@id":"https:\/\/aecagroup.com\/ca\/#website","url":"https:\/\/aecagroup.com\/ca\/","name":"Aeca Group","description":"Solucions Energ\u00e8tiques","publisher":{"@id":"https:\/\/aecagroup.com\/ca\/#organization"},"potentialAction":[{"@type":"SearchAction","target":{"@type":"EntryPoint","urlTemplate":"https:\/\/aecagroup.com\/ca\/?s={search_term_string}"},"query-input":{"@type":"PropertyValueSpecification","valueRequired":true,"valueName":"search_term_string"}}],"inLanguage":"ca"},{"@type":"Organization","@id":"https:\/\/aecagroup.com\/ca\/#organization","name":"Aeca Group","url":"https:\/\/aecagroup.com\/ca\/","logo":{"@type":"ImageObject","inLanguage":"ca","@id":"https:\/\/aecagroup.com\/ca\/#\/schema\/logo\/image\/","url":"https:\/\/aecagroup.com\/wp-content\/uploads\/2024\/09\/Logo_AECA_2020_-_catala.webp","contentUrl":"https:\/\/aecagroup.com\/wp-content\/uploads\/2024\/09\/Logo_AECA_2020_-_catala.webp","width":1565,"height":622,"caption":"Aeca Group"},"image":{"@id":"https:\/\/aecagroup.com\/ca\/#\/schema\/logo\/image\/"}}]}},"_links":{"self":[{"href":"https:\/\/aecagroup.com\/ca\/wp-json\/wp\/v2\/pages\/1416","targetHints":{"allow":["GET"]}}],"collection":[{"href":"https:\/\/aecagroup.com\/ca\/wp-json\/wp\/v2\/pages"}],"about":[{"href":"https:\/\/aecagroup.com\/ca\/wp-json\/wp\/v2\/types\/page"}],"author":[{"embeddable":true,"href":"https:\/\/aecagroup.com\/ca\/wp-json\/wp\/v2\/users\/1"}],"replies":[{"embeddable":true,"href":"https:\/\/aecagroup.com\/ca\/wp-json\/wp\/v2\/comments?post=1416"}],"version-history":[{"count":1,"href":"https:\/\/aecagroup.com\/ca\/wp-json\/wp\/v2\/pages\/1416\/revisions"}],"predecessor-version":[{"id":1419,"href":"https:\/\/aecagroup.com\/ca\/wp-json\/wp\/v2\/pages\/1416\/revisions\/1419"}],"wp:attachment":[{"href":"https:\/\/aecagroup.com\/ca\/wp-json\/wp\/v2\/media?parent=1416"}],"curies":[{"name":"wp","href":"https:\/\/api.w.org\/{rel}","templated":true}]}}