{"id":1075,"date":"2024-11-13T16:44:13","date_gmt":"2024-11-13T15:44:13","guid":{"rendered":"http:\/\/new.aecagroup.com\/?page_id=1075"},"modified":"2024-11-15T12:38:34","modified_gmt":"2024-11-15T11:38:34","slug":"experiencies-2","status":"publish","type":"page","link":"https:\/\/aecagroup.com\/ca\/experiencies-2\/","title":{"rendered":"Av\u00eds Legal, Pol\u00edtica de Privacitat i Cookies"},"content":{"rendered":"\t\t<div data-elementor-type=\"wp-page\" data-elementor-id=\"1075\" class=\"elementor elementor-1075 elementor-1074\">\n\t\t\t\t<div class=\"elementor-element elementor-element-1676174e e-con-full e-flex e-con e-parent\" data-id=\"1676174e\" data-element_type=\"container\" data-e-type=\"container\" data-settings=\"{&quot;background_background&quot;:&quot;classic&quot;}\">\n\t\t<div class=\"elementor-element elementor-element-3e294abd e-flex e-con-boxed e-con e-child\" data-id=\"3e294abd\" data-element_type=\"container\" data-e-type=\"container\">\n\t\t\t\t\t<div class=\"e-con-inner\">\n\t\t<div class=\"elementor-element elementor-element-548375a8 e-con-full e-flex e-con e-child\" data-id=\"548375a8\" data-element_type=\"container\" data-e-type=\"container\">\n\t\t\t\t<div class=\"elementor-element elementor-element-fe6a388 elementor-widget elementor-widget-spacer\" data-id=\"fe6a388\" data-element_type=\"widget\" data-e-type=\"widget\" data-widget_type=\"spacer.default\">\n\t\t\t\t<div class=\"elementor-widget-container\">\n\t\t\t\t\t\t\t<div class=\"elementor-spacer\">\n\t\t\t<div class=\"elementor-spacer-inner\"><\/div>\n\t\t<\/div>\n\t\t\t\t\t\t<\/div>\n\t\t\t\t<\/div>\n\t\t\t\t<div class=\"elementor-element elementor-element-3416dbb elementor-widget elementor-widget-heading\" data-id=\"3416dbb\" data-element_type=\"widget\" data-e-type=\"widget\" data-widget_type=\"heading.default\">\n\t\t\t\t<div class=\"elementor-widget-container\">\n\t\t\t\t\t<h2 class=\"elementor-heading-title elementor-size-default\"> Av\u00eds Legal, Pol\u00edtica de Privacitat i Cookies<\/h2>\t\t\t\t<\/div>\n\t\t\t\t<\/div>\n\t\t\t\t<div class=\"elementor-element elementor-element-16b0de3 elementor-widget elementor-widget-text-editor\" data-id=\"16b0de3\" data-element_type=\"widget\" data-e-type=\"widget\" data-widget_type=\"text-editor.default\">\n\t\t\t\t<div class=\"elementor-widget-container\">\n\t\t\t\t\t\t\t\t\t<p>En aeca Group apostem per la transpar\u00e8ncia. Si t\u00e9 qualsevol dubte o comentari sobre les condicions d&#8217;\u00fas d&#8217;aquest situat web, la manera en la qual gestionem les seves dades o les Cookies, no dubti a posar-se en contacte amb nosaltres en el seg\u00fcent email. <\/p>\n\t\t\t\t\t\t\t\t<\/div>\n\t\t\t\t<\/div>\n\t\t\t\t<\/div>\n\t\t<div class=\"elementor-element elementor-element-3ecfd55e e-con-full e-flex e-con e-child\" data-id=\"3ecfd55e\" data-element_type=\"container\" data-e-type=\"container\">\n\t\t\t\t<\/div>\n\t\t\t\t\t<\/div>\n\t\t\t\t<\/div>\n\t\t\t\t<\/div>\n\t\t<div class=\"elementor-element elementor-element-ee6d288 e-flex e-con-boxed e-con e-parent\" data-id=\"ee6d288\" data-element_type=\"container\" data-e-type=\"container\">\n\t\t\t\t\t<div class=\"e-con-inner\">\n\t\t\t\t<div class=\"elementor-element elementor-element-e0fe53a elementor-widget elementor-widget-text-editor\" data-id=\"e0fe53a\" data-element_type=\"widget\" data-e-type=\"widget\" data-widget_type=\"text-editor.default\">\n\t\t\t\t<div class=\"elementor-widget-container\">\n\t\t\t\t\t\t\t\t\t<h2>AV\u00cdS LEGAL<\/h2>\n<h4>ACLARIMENT DE TERMES<\/h4>\n<p>Respecte al contingut d&#8217;aquest document quan diem \u201cnosaltres\u201d, \u201caeca\u201d, \u201caeca group\u201d, \u201cDatawatt 4.0\u201d, \u201caecagroup.com o \u201cdatawatt40.com\u201d ens referim a ASSESSORIA ENERG\u00c8TICA CATALANA S.L d&#8217;ara endavant AECA GROUP<\/p>\n<h4>IDENTITAT DEL RESPONSABLE<\/h4>\n<p><a href=\"mailto:info@aecagroup.com\">NOM: ASSESSORIA ENERG\u00c8TICA CATALANA S.L<br \/>CIF: B60705522<br \/>DOMINILIO: AV. BARCELONA, 221, 08222, TERRASSA (BARCELONA)<br \/>ACTIVITAT: INGENIERIA T\u00c8CNICA, CONSULTORIA.<br \/>CORREU ELECTR\u00d2NIC: info@aecagroup.com<br \/>CORREU ELECTR\u00d2NIC: info@aecagroup.com<\/a> <\/p>\n\t\t\t\t\t\t\t\t<\/div>\n\t\t\t\t<\/div>\n\t\t\t\t<div class=\"elementor-element elementor-element-ec2e6fa elementor-widget-divider--view-line elementor-widget elementor-widget-divider\" data-id=\"ec2e6fa\" data-element_type=\"widget\" data-e-type=\"widget\" data-widget_type=\"divider.default\">\n\t\t\t\t<div class=\"elementor-widget-container\">\n\t\t\t\t\t\t\t<div class=\"elementor-divider\">\n\t\t\t<span class=\"elementor-divider-separator\">\n\t\t\t\t\t\t<\/span>\n\t\t<\/div>\n\t\t\t\t\t\t<\/div>\n\t\t\t\t<\/div>\n\t\t\t\t<div class=\"elementor-element elementor-element-4c74899 elementor-widget elementor-widget-text-editor\" data-id=\"4c74899\" data-element_type=\"widget\" data-e-type=\"widget\" data-widget_type=\"text-editor.default\">\n\t\t\t\t<div class=\"elementor-widget-container\">\n\t\t\t\t\t\t\t\t\t<h2>POL\u00cdTICA DE PRIVACITAT<\/h2>\n<div class=\"post-entry\">\n<div>\n<h4>REGISTRE DE DADES DE CAR\u00c0CTER PERSONAL<\/h4>\n<p>Com ASSESSORIA ENERG\u00c8TICA CATALANA S.L tenim 2 bases de dades de car\u00e0cter personal relacionats amb les activitats a realitzar des de AECA GROUP situats en els servidors de Zoho (<a href=\"https:\/\/www.zoho.com\/es-xl\/privacy.html\">Pol\u00edtica de privacitat<\/a> Zoho).<br \/>Gr\u00e0cies a les dades que ens facilites podem contactar amb tu, per tant, si no acceptes els termes i condicions o no et subscrius a la publitramesa, no podrem atendre les teves peticions respectivament.<br \/>I tenint en compte que per a posar-nos en contacte necessitem les teves dades\u2026 \u00e9s l\u00f2gic que acceptis, no?<\/p>\n<h4>LEGITIMITAT DE LES DADES<\/h4>\n<p>La base legal per al tractament de les teves dades \u00e9s el consentiment<br \/>Les dades es regulen sota el reglament general de protecci\u00f3 de dades (<a href=\"http:\/\/www.agpd.es\/portalwebAGPD\/canaldocumentacion\/legislacion\/union_europea\/reglamentos\/common\/pdfs\/Reglamento_UE_2016-679_Proteccion_datos_DOUE.pdf\">RGPD<\/a>) 2016\/679 del Parlament Europeu i del Consell de 27 d&#8217;abril de 2016 relatiu a la protecci\u00f3 de les persones f\u00edsiques.<\/p>\n<h4>PRINCIPIS APLICATS A LES DADES DE CAR\u00c0CTER PERSONAL<\/h4>\n<p>Principi de licitud, lleialtat i transpar\u00e8ncia: Estar\u00e0s informat\/a de l&#8217;\u00fas que li donem a les teves dades, de fet per a aix\u00f2 \u00e9s aquest document<br \/>Principi de minimitzaci\u00f3 de dades: Sol\u00b7licitarem la menor quantitat de dades possible per a fer el nostre treball.<br \/>Principi de limitaci\u00f3 del termini de conservaci\u00f3: Les dades els conservem en les nostres llistes mentre no cancel\u00b7lis la teva subscripci\u00f3.<br \/>Principi d&#8217;integritat i confidencialitat: Les teves dades seran tractades de tal manera que es garanteixi una seguretat adequada de les dades personals i es garanteixi confidencialitat. Has de saber que prenem totes les precaucions necess\u00e0ries per a evitar l&#8217;acc\u00e9s no autoritzat o \u00fas indegut de les dades dels nostres usuaris per part de tercers. <\/p>\n<h4>QUAN RECOLLIM LES DADES PERSONALS EN AQUEST LLOC WEB I QUINA \u00c9S LA SEVA FINALITAT<\/h4>\n<p>Quan et poses en contacte amb nosaltres mitjan\u00e7ant el formulari de contacte de les p\u00e0gines web \u201caecagroup.com\u201d o \u201cdatawatt40.com\u201d, en aquest cas et demanarem: Nom, tel\u00e8fon, email, descripci\u00f3 de la petici\u00f3.<br \/>Quan et subscrius al nostre newsletter la finalitat \u00e9s rebre informaci\u00f3, en aquest cas et demanem l&#8217;email.<br \/>Quan volem contactar amb tu i per tant, volem introduir-te en el nostre crm introduirem les dades necess\u00e0ries en cada cas particular.<\/p>\n<h4>ALTRES FINALITATS<\/h4>\n<p>Hi ha altres dades no identificatives que recullen les cookies i el funcionament de les quals t&#8217;expliquem en la pol\u00edtica de cookies i que ens serveixen per a millorar el contingut web.<br \/>Per a gestionar les xarxes socials. El tractament de les dades que es dugui a terme de les persones que es facin seguidores en les xarxes socials de les p\u00e0gines oficials d&#8217;aecagroup.com, es regir\u00e0 per aquest apartat. Aix\u00ed com per aquelles condicions d&#8217;\u00fas, pol\u00edtiques de privacitat i normatives d&#8217;acc\u00e9s que pertanyin a la xarxa social que procedeixi en cada cas. Tractar\u00e9 les teves dades amb les finalitats d&#8217;administrar correctament la meva pres\u00e8ncia en la xarxa social, informant d&#8217;activitats, productes o serveis de AECA GROUP. Aix\u00ed com per a qualsevol altra finalitat que les normatives de les xarxes socials permetin. En cap cas utilitzar\u00e9 els perfils de seguidors en xarxes socials per a enviar publicitat de manera individual.     <\/p>\n<h4>BARTE DE BAIXA<\/h4>\n<p>Des de Aeca Group sempre tindr\u00e0s l&#8217;opci\u00f3 de donar-te de baixa de qualsevol de les nostres llistes, en el cas de les newsletters el pots fer de manera autom\u00e0tica utilitzant l&#8217;enlla\u00e7 al peu de totes les nostres publitrameses o enviant un correu a <a href=\"mailto:info@aecagroup.com\">info@aecagroup.com<\/a>, aquesta sol\u00b7licitud l&#8217;atendrem de manera priorit\u00e0ria per a donar de baixa les teves dades com m\u00e9s de pressa millor.<br \/>Per a la llista de contactes pots donar-te de baixa sol\u00b7licitant-ho en el mateix correu anterior, <a href=\"mailto:info@aecagroup.com\">info@aecagroup.com<\/a> i tamb\u00e9 atendrem la petici\u00f3 amb la m\u00e0xima urg\u00e8ncia.<\/p>\n<h4>ELS TEUS DRETS RESPECTE A LES TEVES DADES<\/h4>\n<p>La legislaci\u00f3 vigent en mat\u00e8ria de protecci\u00f3 de dades reconeix una s\u00e8rie de drets que tens sobre aecagroup.com com a usuari que ha prestat les seves dades, com s\u00f3n:<br \/>\u2022 Sol\u00b7licitar l&#8217;acc\u00e9s a les dades personals relatives a l&#8217;interessat<br \/>\u2022 Sol\u00b7licitar la seva rectificaci\u00f3 o supressi\u00f3<br \/>\u2022 Sol\u00b7licitar la limitaci\u00f3 del seu tractament<br \/>\u2022 Oposar-se al tractament<br \/>I pel tipus d&#8217;informaci\u00f3 que prestes en aquest lloc web, aquest \u00e9s l&#8217;\u00fanic dret que NO pots exercitar:<br \/>\u2022 No es pot exercitar el dret a la portabilitat de les dades.<\/p>\n<p>Si vols exercir algun dels teus drets pots enviar-nos un email a <a href=\"mailto:info@aecagroup.com\">info@aecagroup.com<\/a> i t&#8217;atendrem amb la m\u00e0xima brevetat.<\/p>\n<h4>CATEGORIA DE DADES<\/h4>\n<p>Les dades que recollim s\u00f3n purament identificatius. No tractem dades especialment protegides. <\/p>\n<h4>TEMPS DE VIDA DE LES TEVES DADES<\/h4>\n<p>Aeca Group guarda les teves dades en les llistes en les quals t&#8217;hagis subscrit fins que ens demanis que els eliminem o arrebossats la subscripci\u00f3 des de l&#8217;enlla\u00e7 al peu de tots els newsletters (en el cas del newsletter)<br \/>Les dades de tots els nostres registres, es conservaran per un termini m\u00e0xim de 15 anys, a comptar a partir de la data de la seva recollida, de no realitzar-se serveis addicionals i tenir consentiment expl\u00edcit amb base jur\u00eddica. De tal manera facilitem futures relacions comercials amb els destinataris. <\/p>\n<\/div>\n<\/div>\n\t\t\t\t\t\t\t\t<\/div>\n\t\t\t\t<\/div>\n\t\t\t\t<div class=\"elementor-element elementor-element-4607e6c elementor-widget-divider--view-line elementor-widget elementor-widget-divider\" data-id=\"4607e6c\" data-element_type=\"widget\" data-e-type=\"widget\" data-widget_type=\"divider.default\">\n\t\t\t\t<div class=\"elementor-widget-container\">\n\t\t\t\t\t\t\t<div class=\"elementor-divider\">\n\t\t\t<span class=\"elementor-divider-separator\">\n\t\t\t\t\t\t<\/span>\n\t\t<\/div>\n\t\t\t\t\t\t<\/div>\n\t\t\t\t<\/div>\n\t\t\t\t<div class=\"elementor-element elementor-element-10f5e95 elementor-widget elementor-widget-text-editor\" data-id=\"10f5e95\" data-element_type=\"widget\" data-e-type=\"widget\" data-widget_type=\"text-editor.default\">\n\t\t\t\t<div class=\"elementor-widget-container\">\n\t\t\t\t\t\t\t\t\t<h2>Pol\u00edtica de cookies<\/h2>\n<p>En aecagroup.com utilitzem cookies pr\u00f2pies i de tercers per a un correcte funcionament del lloc i an\u00e0lisi de navegaci\u00f3 per a l&#8217;optimitzaci\u00f3 de la web. Si continues navegant per la web entenem que acceptes la nostra Pol\u00edtica de Cookies. <\/p>\n<p>Una <em>cookie<\/em> \u00e9s un petit fitxer de text que s&#8217;emmagatzema en el seu navegador quan visita gaireb\u00e9 qualsevol p\u00e0gina web. La seva utilitat \u00e9s que la web sigui capa\u00e7 de recordar la seva visita quan torni a navegar per aquesta p\u00e0gina. Les <em>cookies<\/em> solen emmagatzemar informaci\u00f3 de car\u00e0cter t\u00e8cnic, prefer\u00e8ncies personals, personalitzaci\u00f3 de continguts, estad\u00edstiques d&#8217;\u00fas, enlla\u00e7os a xarxes socials, acc\u00e9s a comptes d&#8217;usuari, etc. L&#8217;objectiu de la <em>cookie<\/em> \u00e9s adaptar el contingut de la web al seu perfil i necessitats, sense <em>cookies<\/em> els serveis oferts per qualsevol p\u00e0gina es veurien minvats notablement. Si desitja consultar m\u00e9s informaci\u00f3 sobre qu\u00e8 s\u00f3n les <em>cookies<\/em>, qu\u00e8 emmagatzemen, com eliminar-les, desactivar-les, etc., contacti amb nosaltres.    <\/p>\n<h2>Cookies utilitzades en aquest lloc web<\/h2>\n<p>Seguint les directrius de l&#8217;Ag\u00e8ncia Espanyola de Protecci\u00f3 de Dades procedim a detallar l&#8217;\u00fas de <em>cookies<\/em> que fa aquesta web amb la finalitat d&#8217;informar-lo amb la m\u00e0xima exactitud possible.<\/p>\n<p>Aquest lloc web utilitza les seg\u00fcents <strong>cookies pr\u00f2pies<\/strong>:<\/p>\n<ul>\n<li>Cookies de sessi\u00f3, per a garantir que els usuaris que escriguin comentaris en el blog siguin humans i no aplicacions automatitzades. D&#8217;aquesta manera es combat el <em>spam<\/em>. <\/li>\n<\/ul>\n<p>Aquest lloc web utilitza les seg\u00fcents <strong>cookies de tercers<\/strong>:<\/p>\n<ul>\n<li>Google Analytics: Emmagatzema <em>cookies<\/em> per a poder elaborar estad\u00edstiques sobre el tr\u00e0nsit i volum de visites d&#8217;aquesta web. En utilitzar aquest lloc web est\u00e0 consentint el tractament d&#8217;informaci\u00f3 sobre vost\u00e8 per Google. Per tant, l&#8217;exercici de qualsevol dret en aquest sentit haur\u00e0 de fer-lo comunicant directament amb Google.  <\/li>\n<li>Xarxes socials: Cada xarxa social utilitza les seves pr\u00f2pies <em>cookies<\/em> perqu\u00e8 vost\u00e8 pugui punxar en botons del tipus <em>M&#8217;agrada<\/em> o <em>Compartir<\/em>.<\/li>\n<\/ul>\n<h2>Desactivaci\u00f3 o eliminaci\u00f3 de cookies<\/h2>\n<p>En qualsevol moment podr\u00e0 exercir el seu dret de desactivaci\u00f3 o eliminaci\u00f3 de cookies d&#8217;aquest lloc web. Aquestes accions es realitzen de manera diferent en funci\u00f3 del navegador que estigui usant. <\/p>\n<h2>Notes addicionals<\/h2>\n<ul>\n<li>Ni aquesta web ni els seus representants legals es fan responsables ni del contingut ni de la veracitat de les pol\u00edtiques de privacitat que puguin tenir els tercers esmentats en aquesta pol\u00edtica de <em>cookies<\/em>.<\/li>\n<li>Els navegadors web s\u00f3n les eines encarregades d&#8217;emmagatzemar les <em>cookies<\/em> i des d&#8217;aquest lloc ha d&#8217;efectuar el seu dret a eliminaci\u00f3 o desactivaci\u00f3 d&#8217;aquestes. Ni aquesta web ni els seus representants legals poden garantir la correcta o incorrecta manipulaci\u00f3 de les <em>cookies<\/em> per part dels esmentats navegadors. <\/li>\n<li>En alguns casos \u00e9s necessari instal\u00b7lar <em>cookies<\/em> perqu\u00e8 el navegador no oblidi la seva decisi\u00f3 de no acceptaci\u00f3 d&#8217;aquestes.<\/li>\n<li>En el cas de les <em>cookies<\/em> de Google Analytics, aquesta empresa emmagatzema les <em>cookies<\/em> en servidors situats als Estats Units i es compromet a no compartir-la amb tercers, excepte en els casos en els quals sigui necessari per al funcionament del sistema o quan la llei obligui a aquest efecte. Segons Google no guarda la seva adre\u00e7a IP. Google Inc. \u00e9s una companyia adherida a l&#8217;Acord de Port Segur que garanteix que totes les dades transferides seran tractats amb un nivell de protecci\u00f3 concorde a la normativa europea. Pot consultar informaci\u00f3 detallada referent a aix\u00f2 <a href=\"http:\/\/safeharbor.export.gov\/companyinfo.aspx?id=16626\" target=\"_blank\" rel=\"noopener\">en aquest enlla\u00e7<\/a>. Si desitja informaci\u00f3 sobre l&#8217;\u00fas que Google dona a les cookies <a href=\"https:\/\/developers.google.com\/analytics\/devguides\/collection\/analyticsjs\/cookie-usage?hl=es&amp;csw=1\" target=\"_blank\" rel=\"noopener\">li adjuntem aquest altre enlla\u00e7.<\/a>     <\/li>\n<li>Per a qualsevol dubte o consulta sobre aquesta pol\u00edtica de <em>cookies<\/em> no dubti a comunicar-se amb nosaltres a trav\u00e9s de la secci\u00f3 de contacte.<\/li>\n<\/ul>\n\t\t\t\t\t\t\t\t<\/div>\n\t\t\t\t<\/div>\n\t\t\t\t\t<\/div>\n\t\t\t\t<\/div>\n\t\t\t\t<\/div>\n\t\t","protected":false},"excerpt":{"rendered":"<p>Av\u00eds Legal, Pol\u00edtica de Privacitat i Cookies En aeca Group apostem per la transpar\u00e8ncia. Si t\u00e9 qualsevol dubte o comentari sobre les condicions d&#8217;\u00fas d&#8217;aquest situat web, la manera en la qual gestionem les seves dades o les Cookies, no dubti a posar-se en contacte amb nosaltres en el seg\u00fcent email. AV\u00cdS LEGAL ACLARIMENT DE [&hellip;]<\/p>\n","protected":false},"author":1,"featured_media":0,"parent":0,"menu_order":0,"comment_status":"closed","ping_status":"closed","template":"elementor_header_footer","meta":{"_acf_changed":false,"footnotes":""},"class_list":["post-1075","page","type-page","status-publish","hentry"],"acf":[],"yoast_head":"<!-- This site is optimized with the Yoast SEO plugin v27.4 - https:\/\/yoast.com\/product\/yoast-seo-wordpress\/ -->\n<title>Av\u00eds Legal, Pol\u00edtica de Privacitat i Cookies - Aeca Group<\/title>\n<meta name=\"robots\" content=\"index, follow, max-snippet:-1, max-image-preview:large, max-video-preview:-1\" \/>\n<link rel=\"canonical\" href=\"https:\/\/aecagroup.com\/ca\/experiencies-2\/\" \/>\n<meta property=\"og:locale\" content=\"ca_ES\" \/>\n<meta property=\"og:type\" content=\"article\" \/>\n<meta property=\"og:title\" content=\"Av\u00eds Legal, Pol\u00edtica de Privacitat i Cookies - Aeca Group\" \/>\n<meta property=\"og:description\" content=\"Av\u00eds Legal, Pol\u00edtica de Privacitat i Cookies En aeca Group apostem per la transpar\u00e8ncia. Si t\u00e9 qualsevol dubte o comentari sobre les condicions d&#8217;\u00fas d&#8217;aquest situat web, la manera en la qual gestionem les seves dades o les Cookies, no dubti a posar-se en contacte amb nosaltres en el seg\u00fcent email. AV\u00cdS LEGAL ACLARIMENT DE [&hellip;]\" \/>\n<meta property=\"og:url\" content=\"https:\/\/aecagroup.com\/ca\/experiencies-2\/\" \/>\n<meta property=\"og:site_name\" content=\"Aeca Group\" \/>\n<meta property=\"article:modified_time\" content=\"2024-11-15T11:38:34+00:00\" \/>\n<meta name=\"twitter:card\" content=\"summary_large_image\" \/>\n<meta name=\"twitter:label1\" content=\"Est. reading time\" \/>\n\t<meta name=\"twitter:data1\" content=\"8 minutes\" \/>\n<script type=\"application\/ld+json\" class=\"yoast-schema-graph\">{\"@context\":\"https:\\\/\\\/schema.org\",\"@graph\":[{\"@type\":\"WebPage\",\"@id\":\"https:\\\/\\\/aecagroup.com\\\/ca\\\/experiencies-2\\\/\",\"url\":\"https:\\\/\\\/aecagroup.com\\\/ca\\\/experiencies-2\\\/\",\"name\":\"Av\u00eds Legal, Pol\u00edtica de Privacitat i Cookies - Aeca Group\",\"isPartOf\":{\"@id\":\"https:\\\/\\\/aecagroup.com\\\/ca\\\/#website\"},\"datePublished\":\"2024-11-13T15:44:13+00:00\",\"dateModified\":\"2024-11-15T11:38:34+00:00\",\"breadcrumb\":{\"@id\":\"https:\\\/\\\/aecagroup.com\\\/ca\\\/experiencies-2\\\/#breadcrumb\"},\"inLanguage\":\"ca\",\"potentialAction\":[{\"@type\":\"ReadAction\",\"target\":[\"https:\\\/\\\/aecagroup.com\\\/ca\\\/experiencies-2\\\/\"]}]},{\"@type\":\"BreadcrumbList\",\"@id\":\"https:\\\/\\\/aecagroup.com\\\/ca\\\/experiencies-2\\\/#breadcrumb\",\"itemListElement\":[{\"@type\":\"ListItem\",\"position\":1,\"name\":\"Portada\",\"item\":\"https:\\\/\\\/aecagroup.com\\\/ca\\\/\"},{\"@type\":\"ListItem\",\"position\":2,\"name\":\"Av\u00eds Legal, Pol\u00edtica de Privacitat i Cookies\"}]},{\"@type\":\"WebSite\",\"@id\":\"https:\\\/\\\/aecagroup.com\\\/ca\\\/#website\",\"url\":\"https:\\\/\\\/aecagroup.com\\\/ca\\\/\",\"name\":\"Aeca Group\",\"description\":\"Solucions Energ\u00e8tiques\",\"publisher\":{\"@id\":\"https:\\\/\\\/aecagroup.com\\\/ca\\\/#organization\"},\"potentialAction\":[{\"@type\":\"SearchAction\",\"target\":{\"@type\":\"EntryPoint\",\"urlTemplate\":\"https:\\\/\\\/aecagroup.com\\\/ca\\\/?s={search_term_string}\"},\"query-input\":{\"@type\":\"PropertyValueSpecification\",\"valueRequired\":true,\"valueName\":\"search_term_string\"}}],\"inLanguage\":\"ca\"},{\"@type\":\"Organization\",\"@id\":\"https:\\\/\\\/aecagroup.com\\\/ca\\\/#organization\",\"name\":\"Aeca Group\",\"url\":\"https:\\\/\\\/aecagroup.com\\\/ca\\\/\",\"logo\":{\"@type\":\"ImageObject\",\"inLanguage\":\"ca\",\"@id\":\"https:\\\/\\\/aecagroup.com\\\/ca\\\/#\\\/schema\\\/logo\\\/image\\\/\",\"url\":\"https:\\\/\\\/aecagroup.com\\\/wp-content\\\/uploads\\\/2024\\\/09\\\/Logo_AECA_2020_-_catala.webp\",\"contentUrl\":\"https:\\\/\\\/aecagroup.com\\\/wp-content\\\/uploads\\\/2024\\\/09\\\/Logo_AECA_2020_-_catala.webp\",\"width\":1565,\"height\":622,\"caption\":\"Aeca Group\"},\"image\":{\"@id\":\"https:\\\/\\\/aecagroup.com\\\/ca\\\/#\\\/schema\\\/logo\\\/image\\\/\"}}]}<\/script>\n<!-- \/ Yoast SEO plugin. -->","yoast_head_json":{"title":"Av\u00eds Legal, Pol\u00edtica de Privacitat i Cookies - Aeca Group","robots":{"index":"index","follow":"follow","max-snippet":"max-snippet:-1","max-image-preview":"max-image-preview:large","max-video-preview":"max-video-preview:-1"},"canonical":"https:\/\/aecagroup.com\/ca\/experiencies-2\/","og_locale":"ca_ES","og_type":"article","og_title":"Av\u00eds Legal, Pol\u00edtica de Privacitat i Cookies - Aeca Group","og_description":"Av\u00eds Legal, Pol\u00edtica de Privacitat i Cookies En aeca Group apostem per la transpar\u00e8ncia. Si t\u00e9 qualsevol dubte o comentari sobre les condicions d&#8217;\u00fas d&#8217;aquest situat web, la manera en la qual gestionem les seves dades o les Cookies, no dubti a posar-se en contacte amb nosaltres en el seg\u00fcent email. AV\u00cdS LEGAL ACLARIMENT DE [&hellip;]","og_url":"https:\/\/aecagroup.com\/ca\/experiencies-2\/","og_site_name":"Aeca Group","article_modified_time":"2024-11-15T11:38:34+00:00","twitter_card":"summary_large_image","twitter_misc":{"Est. reading time":"8 minutes"},"schema":{"@context":"https:\/\/schema.org","@graph":[{"@type":"WebPage","@id":"https:\/\/aecagroup.com\/ca\/experiencies-2\/","url":"https:\/\/aecagroup.com\/ca\/experiencies-2\/","name":"Av\u00eds Legal, Pol\u00edtica de Privacitat i Cookies - Aeca Group","isPartOf":{"@id":"https:\/\/aecagroup.com\/ca\/#website"},"datePublished":"2024-11-13T15:44:13+00:00","dateModified":"2024-11-15T11:38:34+00:00","breadcrumb":{"@id":"https:\/\/aecagroup.com\/ca\/experiencies-2\/#breadcrumb"},"inLanguage":"ca","potentialAction":[{"@type":"ReadAction","target":["https:\/\/aecagroup.com\/ca\/experiencies-2\/"]}]},{"@type":"BreadcrumbList","@id":"https:\/\/aecagroup.com\/ca\/experiencies-2\/#breadcrumb","itemListElement":[{"@type":"ListItem","position":1,"name":"Portada","item":"https:\/\/aecagroup.com\/ca\/"},{"@type":"ListItem","position":2,"name":"Av\u00eds Legal, Pol\u00edtica de Privacitat i Cookies"}]},{"@type":"WebSite","@id":"https:\/\/aecagroup.com\/ca\/#website","url":"https:\/\/aecagroup.com\/ca\/","name":"Aeca Group","description":"Solucions Energ\u00e8tiques","publisher":{"@id":"https:\/\/aecagroup.com\/ca\/#organization"},"potentialAction":[{"@type":"SearchAction","target":{"@type":"EntryPoint","urlTemplate":"https:\/\/aecagroup.com\/ca\/?s={search_term_string}"},"query-input":{"@type":"PropertyValueSpecification","valueRequired":true,"valueName":"search_term_string"}}],"inLanguage":"ca"},{"@type":"Organization","@id":"https:\/\/aecagroup.com\/ca\/#organization","name":"Aeca Group","url":"https:\/\/aecagroup.com\/ca\/","logo":{"@type":"ImageObject","inLanguage":"ca","@id":"https:\/\/aecagroup.com\/ca\/#\/schema\/logo\/image\/","url":"https:\/\/aecagroup.com\/wp-content\/uploads\/2024\/09\/Logo_AECA_2020_-_catala.webp","contentUrl":"https:\/\/aecagroup.com\/wp-content\/uploads\/2024\/09\/Logo_AECA_2020_-_catala.webp","width":1565,"height":622,"caption":"Aeca Group"},"image":{"@id":"https:\/\/aecagroup.com\/ca\/#\/schema\/logo\/image\/"}}]}},"_links":{"self":[{"href":"https:\/\/aecagroup.com\/ca\/wp-json\/wp\/v2\/pages\/1075","targetHints":{"allow":["GET"]}}],"collection":[{"href":"https:\/\/aecagroup.com\/ca\/wp-json\/wp\/v2\/pages"}],"about":[{"href":"https:\/\/aecagroup.com\/ca\/wp-json\/wp\/v2\/types\/page"}],"author":[{"embeddable":true,"href":"https:\/\/aecagroup.com\/ca\/wp-json\/wp\/v2\/users\/1"}],"replies":[{"embeddable":true,"href":"https:\/\/aecagroup.com\/ca\/wp-json\/wp\/v2\/comments?post=1075"}],"version-history":[{"count":3,"href":"https:\/\/aecagroup.com\/ca\/wp-json\/wp\/v2\/pages\/1075\/revisions"}],"predecessor-version":[{"id":1161,"href":"https:\/\/aecagroup.com\/ca\/wp-json\/wp\/v2\/pages\/1075\/revisions\/1161"}],"wp:attachment":[{"href":"https:\/\/aecagroup.com\/ca\/wp-json\/wp\/v2\/media?parent=1075"}],"curies":[{"name":"wp","href":"https:\/\/api.w.org\/{rel}","templated":true}]}}